{"id":1014,"date":"2023-10-07T10:09:19","date_gmt":"2023-10-07T10:09:19","guid":{"rendered":"https:\/\/adamis.sk\/kniznica\/"},"modified":"2023-10-10T21:38:30","modified_gmt":"2023-10-10T21:38:30","slug":"kniznica","status":"publish","type":"page","link":"https:\/\/adamis.sk\/sk\/kniznica\/","title":{"rendered":"Kni\u017enica"},"content":{"rendered":"\t\t<div data-elementor-type=\"wp-page\" data-elementor-id=\"1014\" class=\"elementor elementor-1014 elementor-835\" data-elementor-post-type=\"page\">\n\t\t\t\t\t\t\t\t\t<section data-particle_enable=\"false\" data-particle-mobile-disabled=\"false\" class=\"elementor-section elementor-top-section elementor-element elementor-element-d8d5da8 elementor-section-boxed elementor-section-height-default elementor-section-height-default\" data-id=\"d8d5da8\" data-element_type=\"section\">\n\t\t\t\t\t\t<div class=\"elementor-container elementor-column-gap-no\">\n\t\t\t\t\t<div class=\"elementor-column elementor-col-100 elementor-top-column elementor-element elementor-element-5d02d36\" data-id=\"5d02d36\" data-element_type=\"column\">\n\t\t\t<div class=\"elementor-widget-wrap elementor-element-populated\">\n\t\t\t\t\t\t\t\t<div class=\"elementor-element elementor-element-c797f68 elementor-widget elementor-widget-heading\" data-id=\"c797f68\" data-element_type=\"widget\" data-widget_type=\"heading.default\">\n\t\t\t\t<div class=\"elementor-widget-container\">\n\t\t\t<style>\/*! elementor - v3.16.0 - 20-09-2023 *\/\n.elementor-heading-title{padding:0;margin:0;line-height:1}.elementor-widget-heading .elementor-heading-title[class*=elementor-size-]>a{color:inherit;font-size:inherit;line-height:inherit}.elementor-widget-heading .elementor-heading-title.elementor-size-small{font-size:15px}.elementor-widget-heading .elementor-heading-title.elementor-size-medium{font-size:19px}.elementor-widget-heading .elementor-heading-title.elementor-size-large{font-size:29px}.elementor-widget-heading .elementor-heading-title.elementor-size-xl{font-size:39px}.elementor-widget-heading .elementor-heading-title.elementor-size-xxl{font-size:59px}<\/style><h1 class=\"elementor-heading-title elementor-size-default\">KNI\u017dNICA<\/h1>\t\t<\/div>\n\t\t\t\t<\/div>\n\t\t\t\t\t<\/div>\n\t\t<\/div>\n\t\t\t\t\t\t\t<\/div>\n\t\t<\/section>\n\t\t<div data-particle_enable=\"false\" data-particle-mobile-disabled=\"false\" class=\"elementor-element elementor-element-2d39821 e-flex e-con-boxed e-con e-parent\" data-id=\"2d39821\" data-element_type=\"container\" data-settings=\"{&quot;content_width&quot;:&quot;boxed&quot;}\" data-core-v316-plus=\"true\">\n\t\t\t\t\t<div class=\"e-con-inner\">\n\t\t\t\t<div class=\"elementor-element elementor-element-77826b6 elementor-widget elementor-widget-text-editor\" data-id=\"77826b6\" data-element_type=\"widget\" data-widget_type=\"text-editor.default\">\n\t\t\t\t<div class=\"elementor-widget-container\">\n\t\t\t<style>\/*! elementor - v3.16.0 - 20-09-2023 *\/\n.elementor-widget-text-editor.elementor-drop-cap-view-stacked .elementor-drop-cap{background-color:#69727d;color:#fff}.elementor-widget-text-editor.elementor-drop-cap-view-framed .elementor-drop-cap{color:#69727d;border:3px solid;background-color:transparent}.elementor-widget-text-editor:not(.elementor-drop-cap-view-default) .elementor-drop-cap{margin-top:8px}.elementor-widget-text-editor:not(.elementor-drop-cap-view-default) .elementor-drop-cap-letter{width:1em;height:1em}.elementor-widget-text-editor .elementor-drop-cap{float:left;text-align:center;line-height:1;font-size:50px}.elementor-widget-text-editor .elementor-drop-cap-letter{display:inline-block}<\/style>\t\t\t\t<p>Mestsk\u00e1 kni\u017enica v Kol\u00e1rove s\u00eddli na poschod\u00ed budovy mestsk\u00e9ho kult\u00farneho strediska. Fond kni\u017enice je dvojjazy\u010dn\u00fd, pribli\u017ene rovnako s\u00fa zast\u00fapen\u00e9 slovensk\u00e9 i ma\u010farsk\u00e9 knihy a obsahuje okolo 23-tis\u00edc kni\u017en\u00fdch zv\u00e4zkov. \u00dazko spolupracuje so z\u00e1kladn\u00fdmi a matersk\u00fdmi \u0161kolami v meste ako aj s civiln\u00fdmi zdru\u017eeniami a in\u00fdmi organiz\u00e1ciami na \u00fazem\u00ed mesta. M\u00e1 charakter rodinnej kni\u017enice, kde s\u00fa zast\u00fapen\u00e9 v\u0161etky vekov\u00e9 kateg\u00f3rie so zrete\u013eom na v\u00fdchovu mladej gener\u00e1cie \u010ditate\u013eov a pou\u017e\u00edvate\u013eov, ktor\u00ed s\u00fa systematicky veden\u00ed k \u010ditate\u013eskej gramotnosti. Kni\u017enica usporad\u00fava informa\u010dn\u00e9 besedy, besedy o knih\u00e1ch i besedy so spisovate\u013emi. Nov\u00e9 kni\u017en\u00e9 tituly s\u00fa dop\u013a\u0148an\u00e9 z vlastn\u00fdch i z verejn\u00fdch zdrojov.        <\/p>\n\t\t\t\t\t\t<\/div>\n\t\t\t\t<\/div>\n\t\t\t\t\t<\/div>\n\t\t\t\t<\/div>\n\t\t<div data-particle_enable=\"false\" data-particle-mobile-disabled=\"false\" class=\"elementor-element elementor-element-cdc1a05 e-flex e-con-boxed e-con e-parent\" data-id=\"cdc1a05\" data-element_type=\"container\" data-settings=\"{&quot;content_width&quot;:&quot;boxed&quot;}\" data-core-v316-plus=\"true\">\n\t\t\t\t\t<div class=\"e-con-inner\">\n\t\t\t\t<div class=\"elementor-element elementor-element-5cda065 elementor-widget elementor-widget-heading\" data-id=\"5cda065\" data-element_type=\"widget\" data-widget_type=\"heading.default\">\n\t\t\t\t<div class=\"elementor-widget-container\">\n\t\t\t<h2 class=\"elementor-heading-title elementor-size-default\">Otv\u00e1racia doba<\/h2>\t\t<\/div>\n\t\t\t\t<\/div>\n\t\t\t\t<div class=\"elementor-element elementor-element-ac37022 elementor-widget elementor-widget-heading\" data-id=\"ac37022\" data-element_type=\"widget\" data-widget_type=\"heading.default\">\n\t\t\t\t<div class=\"elementor-widget-container\">\n\t\t\t<h3 class=\"elementor-heading-title elementor-size-default\">Pondelok-Piatok<\/h3>\t\t<\/div>\n\t\t\t\t<\/div>\n\t\t\t\t\t<\/div>\n\t\t\t\t<\/div>\n\t\t<div data-particle_enable=\"false\" data-particle-mobile-disabled=\"false\" class=\"elementor-element elementor-element-39e9ad9 e-flex e-con-boxed e-con e-parent\" data-id=\"39e9ad9\" data-element_type=\"container\" data-settings=\"{&quot;content_width&quot;:&quot;boxed&quot;}\" data-core-v316-plus=\"true\">\n\t\t\t\t\t<div class=\"e-con-inner\">\n\t\t\t\t<div class=\"elementor-element elementor-element-7682182 elementor-widget elementor-widget-text-editor\" data-id=\"7682182\" data-element_type=\"widget\" data-widget_type=\"text-editor.default\">\n\t\t\t\t<div class=\"elementor-widget-container\">\n\t\t\t\t\t\t\t<ul>\n<li>9.00 &#8211; 12:00 a 13:00 \u2013 17:00<\/li>\n<\/ul>\n\t\t\t\t\t\t<\/div>\n\t\t\t\t<\/div>\n\t\t\t\t<div class=\"elementor-element elementor-element-4296e47 elementor-widget elementor-widget-heading\" data-id=\"4296e47\" data-element_type=\"widget\" data-widget_type=\"heading.default\">\n\t\t\t\t<div class=\"elementor-widget-container\">\n\t\t\t<h3 class=\"elementor-heading-title elementor-size-default\">Z\u00e1pisn\u00e9 plat\u00ed na 1 kalend\u00e1rny rok pod\u013ea v\u00fdpo\u017ei\u010dn\u00e9ho poriadku:<\/h3>\t\t<\/div>\n\t\t\t\t<\/div>\n\t\t\t\t<div class=\"elementor-element elementor-element-6b58e1d elementor-widget elementor-widget-text-editor\" data-id=\"6b58e1d\" data-element_type=\"widget\" data-widget_type=\"text-editor.default\">\n\t\t\t\t<div class=\"elementor-widget-container\">\n\t\t\t\t\t\t\t<ul>\n<li>dospel\u00ed, \u0161tudenti a kolekt\u00edvni \u010dlenovia (in\u0161tit\u00facie): 3,- EUR<\/li>\n<li>d\u00f4chodcovia, vr\u00e1tane invalidn\u00fdch: 2,- EUR<\/li>\n<li>deti do 14 rokov: 2,- EUR<\/li>\n<\/ul>\n\t\t\t\t\t\t<\/div>\n\t\t\t\t<\/div>\n\t\t\t\t<div class=\"elementor-element elementor-element-4258296 elementor-widget elementor-widget-heading\" data-id=\"4258296\" data-element_type=\"widget\" data-widget_type=\"heading.default\">\n\t\t\t\t<div class=\"elementor-widget-container\">\n\t\t\t<h3 class=\"elementor-heading-title elementor-size-default\">V\u00fdpo\u017ei\u010dn\u00e1 lehota je 1 mesiac. V pr\u00edpade prekro\u010denia tejto lehoty je \u010ditate\u013e upozornen\u00fd\n\u00fastne, telefonicky alebo elektronicky.<\/h3>\t\t<\/div>\n\t\t\t\t<\/div>\n\t\t\t\t<div class=\"elementor-element elementor-element-74bd4e5 elementor-widget elementor-widget-text-editor\" data-id=\"74bd4e5\" data-element_type=\"widget\" data-widget_type=\"text-editor.default\">\n\t\t\t\t<div class=\"elementor-widget-container\">\n\t\t\t\t\t\t\t<ol>\n<li>I. upomienka: 1,- EUR<\/li>\n<li>II. upomienka: 2,- EUR <\/li>\n<li>III. upomienka: 3,- EUR <\/li>\n<li>Riadite\u013esk\u00e1 upomienka: 5,- EUR<\/li>\n<\/ol>\n\t\t\t\t\t\t<\/div>\n\t\t\t\t<\/div>\n\t\t\t\t\t<\/div>\n\t\t\t\t<\/div>\n\t\t<div data-particle_enable=\"false\" data-particle-mobile-disabled=\"false\" class=\"elementor-element elementor-element-def0814 e-flex e-con-boxed e-con e-parent\" data-id=\"def0814\" data-element_type=\"container\" data-settings=\"{&quot;content_width&quot;:&quot;boxed&quot;}\" data-core-v316-plus=\"true\">\n\t\t\t\t\t<div class=\"e-con-inner\">\n\t\t\t\t<div class=\"elementor-element elementor-element-d1b204c elementor-align-center elementor-widget elementor-widget-button\" data-id=\"d1b204c\" data-element_type=\"widget\" data-widget_type=\"button.default\">\n\t\t\t\t<div class=\"elementor-widget-container\">\n\t\t\t\t\t<div class=\"elementor-button-wrapper\">\n\t\t\t<a class=\"elementor-button elementor-button-link elementor-size-lg\" href=\"https:\/\/mask2.snk.sk\/cgi-bin\/koha\/opac-search.pl?idx&#038;q&#038;limit=branch%3AMKKo&#038;weight_search=1\">\n\t\t\t\t\t\t<span class=\"elementor-button-content-wrapper\">\n\t\t\t\t\t\t<span class=\"elementor-button-text\">Pre zoznam kn\u00edh dostupn\u00fdch v kni\u017enici kliknite sem<\/span>\n\t\t<\/span>\n\t\t\t\t\t<\/a>\n\t\t<\/div>\n\t\t\t\t<\/div>\n\t\t\t\t<\/div>\n\t\t\t\t\t<\/div>\n\t\t\t\t<\/div>\n\t\t\t\t\t\t\t<\/div>\n\t\t","protected":false},"excerpt":{"rendered":"<p>KNI\u017dNICA Mestsk\u00e1 kni\u017enica v Kol\u00e1rove s\u00eddli na poschod\u00ed budovy mestsk\u00e9ho kult\u00farneho strediska. Fond kni\u017enice je dvojjazy\u010dn\u00fd, pribli\u017ene rovnako s\u00fa zast\u00fapen\u00e9 slovensk\u00e9 i ma\u010farsk\u00e9 knihy a obsahuje okolo 23-tis\u00edc kni\u017en\u00fdch zv\u00e4zkov. &hellip;<\/p>\n<p class=\"read-more\"> <a class=\"\" href=\"https:\/\/adamis.sk\/sk\/kniznica\/\"> <span class=\"screen-reader-text\">Kni\u017enica<\/span> \u010c\u00edtajte viac &raquo;<\/a><\/p>\n","protected":false},"author":1,"featured_media":0,"parent":0,"menu_order":0,"comment_status":"closed","ping_status":"closed","template":"","meta":{"site-sidebar-layout":"no-sidebar","site-content-layout":"page-builder","ast-site-content-layout":"","site-content-style":"default","site-sidebar-style":"default","ast-global-header-display":"","ast-banner-title-visibility":"","ast-main-header-display":"","ast-hfb-above-header-display":"","ast-hfb-below-header-display":"","ast-hfb-mobile-header-display":"","site-post-title":"disabled","ast-breadcrumbs-content":"disabled","ast-featured-img":"disabled","footer-sml-layout":"","theme-transparent-header-meta":"enabled","adv-header-id-meta":"","stick-header-meta":"","header-above-stick-meta":"","header-main-stick-meta":"","header-below-stick-meta":"","astra-migrate-meta-layouts":"","footnotes":""},"class_list":["post-1014","page","type-page","status-publish","hentry"],"acf":[],"_links":{"self":[{"href":"https:\/\/adamis.sk\/sk\/wp-json\/wp\/v2\/pages\/1014","targetHints":{"allow":["GET"]}}],"collection":[{"href":"https:\/\/adamis.sk\/sk\/wp-json\/wp\/v2\/pages"}],"about":[{"href":"https:\/\/adamis.sk\/sk\/wp-json\/wp\/v2\/types\/page"}],"author":[{"embeddable":true,"href":"https:\/\/adamis.sk\/sk\/wp-json\/wp\/v2\/users\/1"}],"replies":[{"embeddable":true,"href":"https:\/\/adamis.sk\/sk\/wp-json\/wp\/v2\/comments?post=1014"}],"version-history":[{"count":14,"href":"https:\/\/adamis.sk\/sk\/wp-json\/wp\/v2\/pages\/1014\/revisions"}],"predecessor-version":[{"id":1438,"href":"https:\/\/adamis.sk\/sk\/wp-json\/wp\/v2\/pages\/1014\/revisions\/1438"}],"wp:attachment":[{"href":"https:\/\/adamis.sk\/sk\/wp-json\/wp\/v2\/media?parent=1014"}],"curies":[{"name":"wp","href":"https:\/\/api.w.org\/{rel}","templated":true}]}}