{"id":1032,"date":"2023-10-04T13:31:35","date_gmt":"2023-10-04T13:31:35","guid":{"rendered":"https:\/\/adamis.sk\/zmluvy-faktury-objednavky\/"},"modified":"2023-10-09T07:52:22","modified_gmt":"2023-10-09T07:52:22","slug":"zmluvy-faktury-objednavky","status":"publish","type":"page","link":"https:\/\/adamis.sk\/sk\/zmluvy-faktury-objednavky\/","title":{"rendered":"Zmluvy, fakt\u00fary, objedn\u00e1vky"},"content":{"rendered":"\t\t<div data-elementor-type=\"wp-page\" data-elementor-id=\"1032\" class=\"elementor elementor-1032 elementor-749\" data-elementor-post-type=\"page\">\n\t\t\t\t\t\t\t\t\t<section data-particle_enable=\"false\" data-particle-mobile-disabled=\"false\" class=\"elementor-section elementor-top-section elementor-element elementor-element-d8d5da8 elementor-section-boxed elementor-section-height-default elementor-section-height-default\" data-id=\"d8d5da8\" data-element_type=\"section\">\n\t\t\t\t\t\t<div class=\"elementor-container elementor-column-gap-no\">\n\t\t\t\t\t<div class=\"elementor-column elementor-col-100 elementor-top-column elementor-element elementor-element-5d02d36\" data-id=\"5d02d36\" data-element_type=\"column\">\n\t\t\t<div class=\"elementor-widget-wrap elementor-element-populated\">\n\t\t\t\t\t\t\t\t<div class=\"elementor-element elementor-element-c797f68 elementor-widget elementor-widget-heading\" data-id=\"c797f68\" data-element_type=\"widget\" data-widget_type=\"heading.default\">\n\t\t\t\t<div class=\"elementor-widget-container\">\n\t\t\t<style>\/*! elementor - v3.16.0 - 20-09-2023 *\/\n.elementor-heading-title{padding:0;margin:0;line-height:1}.elementor-widget-heading .elementor-heading-title[class*=elementor-size-]>a{color:inherit;font-size:inherit;line-height:inherit}.elementor-widget-heading .elementor-heading-title.elementor-size-small{font-size:15px}.elementor-widget-heading .elementor-heading-title.elementor-size-medium{font-size:19px}.elementor-widget-heading .elementor-heading-title.elementor-size-large{font-size:29px}.elementor-widget-heading .elementor-heading-title.elementor-size-xl{font-size:39px}.elementor-widget-heading .elementor-heading-title.elementor-size-xxl{font-size:59px}<\/style><h1 class=\"elementor-heading-title elementor-size-default\">Zmluvy, fakt\u00fary, objedn\u00e1vky<\/h1>\t\t<\/div>\n\t\t\t\t<\/div>\n\t\t\t\t\t<\/div>\n\t\t<\/div>\n\t\t\t\t\t\t\t<\/div>\n\t\t<\/section>\n\t\t<div data-particle_enable=\"false\" data-particle-mobile-disabled=\"false\" class=\"elementor-element elementor-element-bb86a6a e-flex e-con-boxed e-con e-parent\" data-id=\"bb86a6a\" data-element_type=\"container\" data-settings=\"{&quot;content_width&quot;:&quot;boxed&quot;}\" data-core-v316-plus=\"true\">\n\t\t\t\t\t<div class=\"e-con-inner\">\n\t\t\t\t<div class=\"elementor-element elementor-element-3f2ae01 elementor-tabs-view-horizontal elementor-widget elementor-widget-tabs\" data-id=\"3f2ae01\" data-element_type=\"widget\" data-widget_type=\"tabs.default\">\n\t\t\t\t<div class=\"elementor-widget-container\">\n\t\t\t<style>\/*! elementor - v3.16.0 - 20-09-2023 *\/\n.elementor-widget-tabs.elementor-tabs-view-vertical .elementor-tabs-wrapper{width:25%;flex-shrink:0}.elementor-widget-tabs.elementor-tabs-view-vertical .elementor-tab-desktop-title.elementor-active{border-right-style:none}.elementor-widget-tabs.elementor-tabs-view-vertical .elementor-tab-desktop-title.elementor-active:after,.elementor-widget-tabs.elementor-tabs-view-vertical .elementor-tab-desktop-title.elementor-active:before{height:999em;width:0;right:0;border-right-style:solid}.elementor-widget-tabs.elementor-tabs-view-vertical .elementor-tab-desktop-title.elementor-active:before{top:0;transform:translateY(-100%)}.elementor-widget-tabs.elementor-tabs-view-vertical .elementor-tab-desktop-title.elementor-active:after{top:100%}.elementor-widget-tabs.elementor-tabs-view-horizontal .elementor-tab-desktop-title{display:table-cell}.elementor-widget-tabs.elementor-tabs-view-horizontal .elementor-tab-desktop-title.elementor-active{border-bottom-style:none}.elementor-widget-tabs.elementor-tabs-view-horizontal .elementor-tab-desktop-title.elementor-active:after,.elementor-widget-tabs.elementor-tabs-view-horizontal .elementor-tab-desktop-title.elementor-active:before{bottom:0;height:0;width:999em;border-bottom-style:solid}.elementor-widget-tabs.elementor-tabs-view-horizontal .elementor-tab-desktop-title.elementor-active:before{right:100%}.elementor-widget-tabs.elementor-tabs-view-horizontal .elementor-tab-desktop-title.elementor-active:after{left:100%}.elementor-widget-tabs .elementor-tab-content,.elementor-widget-tabs .elementor-tab-title,.elementor-widget-tabs .elementor-tab-title:after,.elementor-widget-tabs .elementor-tab-title:before,.elementor-widget-tabs .elementor-tabs-content-wrapper{border:1px #d5d8dc}.elementor-widget-tabs .elementor-tabs{text-align:left}.elementor-widget-tabs .elementor-tabs-wrapper{overflow:hidden}.elementor-widget-tabs .elementor-tab-title{cursor:pointer;outline:var(--focus-outline,none)}.elementor-widget-tabs .elementor-tab-desktop-title{position:relative;padding:20px 25px;font-weight:700;line-height:1;border:solid transparent}.elementor-widget-tabs .elementor-tab-desktop-title.elementor-active{border-color:#d5d8dc}.elementor-widget-tabs .elementor-tab-desktop-title.elementor-active:after,.elementor-widget-tabs .elementor-tab-desktop-title.elementor-active:before{display:block;content:\"\";position:absolute}.elementor-widget-tabs .elementor-tab-desktop-title:focus-visible{border:1px solid #000}.elementor-widget-tabs .elementor-tab-mobile-title{padding:10px;cursor:pointer}.elementor-widget-tabs .elementor-tab-content{padding:20px;display:none}@media (max-width:767px){.elementor-tabs .elementor-tab-content,.elementor-tabs .elementor-tab-title{border-style:solid solid none}.elementor-tabs .elementor-tabs-wrapper{display:none}.elementor-tabs .elementor-tabs-content-wrapper{border-bottom-style:solid}.elementor-tabs .elementor-tab-content{padding:10px}}@media (min-width:768px){.elementor-widget-tabs.elementor-tabs-view-vertical .elementor-tabs{display:flex}.elementor-widget-tabs.elementor-tabs-view-vertical .elementor-tabs-wrapper{flex-direction:column}.elementor-widget-tabs.elementor-tabs-view-vertical .elementor-tabs-content-wrapper{flex-grow:1;border-style:solid solid solid none}.elementor-widget-tabs.elementor-tabs-view-horizontal .elementor-tab-content{border-style:none solid solid}.elementor-widget-tabs.elementor-tabs-alignment-center .elementor-tabs-wrapper,.elementor-widget-tabs.elementor-tabs-alignment-end .elementor-tabs-wrapper,.elementor-widget-tabs.elementor-tabs-alignment-stretch .elementor-tabs-wrapper{display:flex}.elementor-widget-tabs.elementor-tabs-alignment-center .elementor-tabs-wrapper{justify-content:center}.elementor-widget-tabs.elementor-tabs-alignment-end .elementor-tabs-wrapper{justify-content:flex-end}.elementor-widget-tabs.elementor-tabs-alignment-stretch.elementor-tabs-view-horizontal .elementor-tab-title{width:100%}.elementor-widget-tabs.elementor-tabs-alignment-stretch.elementor-tabs-view-vertical .elementor-tab-title{height:100%}.elementor-tabs .elementor-tab-mobile-title{display:none}}<\/style>\t\t<div class=\"elementor-tabs\">\n\t\t\t<div class=\"elementor-tabs-wrapper\" role=\"tablist\" >\n\t\t\t\t\t\t\t\t\t<div id=\"elementor-tab-title-6621\" class=\"elementor-tab-title elementor-tab-desktop-title\" aria-selected=\"true\" data-tab=\"1\" role=\"tab\" tabindex=\"0\" aria-controls=\"elementor-tab-content-6621\" aria-expanded=\"false\">Zmluvy<\/div>\n\t\t\t\t\t\t\t\t\t<div id=\"elementor-tab-title-6622\" class=\"elementor-tab-title elementor-tab-desktop-title\" aria-selected=\"false\" data-tab=\"2\" role=\"tab\" tabindex=\"-1\" aria-controls=\"elementor-tab-content-6622\" aria-expanded=\"false\">Fakt\u00fary<\/div>\n\t\t\t\t\t\t\t\t\t<div id=\"elementor-tab-title-6623\" class=\"elementor-tab-title elementor-tab-desktop-title\" aria-selected=\"false\" data-tab=\"3\" role=\"tab\" tabindex=\"-1\" aria-controls=\"elementor-tab-content-6623\" aria-expanded=\"false\">Objedn\u00e1vky<\/div>\n\t\t\t\t\t\t\t<\/div>\n\t\t\t<div class=\"elementor-tabs-content-wrapper\" role=\"tablist\" aria-orientation=\"vertical\">\n\t\t\t\t\t\t\t\t\t<div class=\"elementor-tab-title elementor-tab-mobile-title\" aria-selected=\"true\" data-tab=\"1\" role=\"tab\" tabindex=\"0\" aria-controls=\"elementor-tab-content-6621\" aria-expanded=\"false\">Zmluvy<\/div>\n\t\t\t\t\t<div id=\"elementor-tab-content-6621\" class=\"elementor-tab-content elementor-clearfix\" data-tab=\"1\" role=\"tabpanel\" aria-labelledby=\"elementor-tab-title-6621\" tabindex=\"0\" hidden=\"false\"><p><div id=\"footable_parent_1329\"\n         class=\" footable_parent ninja_table_wrapper loading_ninja_table wp_table_data_press_parent semantic_ui colored_table\">\n                <table data-ninja_table_instance=\"ninja_table_instance_0\" data-footable_id=\"1329\" data-filter-delay=\"1000\" aria-label=\"Szerz\u0151d\u00e9sek\"            id=\"footable_1329\"\n           data-unique_identifier=\"ninja_table_unique_id_1641753270_1329\"\n           class=\" foo-table ninja_footable foo_table_1329 ninja_table_unique_id_1641753270_1329 ui table  nt_type_ajax_table selectable striped vertical_centered ninja_custom_color inverted footable-paging-right ninja_table_pro\">\n                <colgroup>\n                            <col class=\"ninja_column_0 \">\n                            <col class=\"ninja_column_1 \">\n                            <col class=\"ninja_column_2 \">\n                    <\/colgroup>\n            <\/table>\n                    <style type=\"text\/css\" id='ninja_table_custom_css_1329'>\n                        #footable_1329  {\n    font-family: inherit;\n    font-size: 14px;\n    }\n\n\n    #footable_1329 tbody tr td span.fooicon-plus:before {\n    background-color:  !important;\n    }\n    #footable_1329 tbody tr td span.fooicon-minus:before {\n    background-color:  !important;\n    }\n\n    #footable_1329 tbody tr:hover td span.fooicon-plus:before {\n    background-color:  !important;\n    }\n    #footable_1329 tbody tr:hover td span.fooicon-minus:before {\n    background-color:  !important;\n    }\n\n    #footable_1329 thead tr.footable-header th span::before {\n    background-color:  !important;\n    }\n    #footable_1329,\n    #footable_1329 table {\n    background-color: rgba(241, 231, 172, 1) !important;\n    color:  !important;\n    border-color:  !important;\n    }\n    #footable_1329 thead tr.footable-filtering th {\n    background-color:  !important;\n    color:  !important;\n    }\n    #footable_1329:not(.hide_all_borders) thead tr.footable-filtering th {\n            border : 1px solid transparent !important;\n        }\n    #footable_1329 .input-group-btn:last-child > .btn:not(:last-child):not(.dropdown-toggle) {\n    background-color:  !important;\n    color:  !important;\n    }\n    #footable_1329 tr.footable-header, #footable_1329 tr.footable-header th, .colored_table #footable_1329 table.ninja_table_pro.inverted.table.footable-details tbody tr th {\n    background-color:  !important;\n    color:  !important;\n    }\n    \n        #footable_1329 tbody tr:hover {\n    background-color:  !important;\n    color:  !important;\n    }\n    #footable_1329 tbody tr:hover td {\n    border-color:  !important;\n    }\n    \n    #footable_1329 tfoot .footable-paging {\n    background-color:  !important;\n    }\n    #footable_1329 tfoot .footable-paging .footable-page.active a {\n    background-color:  !important;\n    }\n    #footable_1329:not(.hide_all_borders) tfoot tr.footable-paging td {\n    border-color:  !important;\n    }\n\n                <\/style>\n                \n    \n    \n<\/div>\n<\/p>\n<\/div>\n\t\t\t\t\t\t\t\t\t<div class=\"elementor-tab-title elementor-tab-mobile-title\" aria-selected=\"false\" data-tab=\"2\" role=\"tab\" tabindex=\"-1\" aria-controls=\"elementor-tab-content-6622\" aria-expanded=\"false\">Fakt\u00fary<\/div>\n\t\t\t\t\t<div id=\"elementor-tab-content-6622\" class=\"elementor-tab-content elementor-clearfix\" data-tab=\"2\" role=\"tabpanel\" aria-labelledby=\"elementor-tab-title-6622\" tabindex=\"0\" hidden=\"hidden\"><p><div id=\"footable_parent_1342\"\n         class=\" footable_parent ninja_table_wrapper loading_ninja_table wp_table_data_press_parent semantic_ui colored_table\">\n                <table data-ninja_table_instance=\"ninja_table_instance_1\" data-footable_id=\"1342\" data-filter-delay=\"1000\" aria-label=\"Sz\u00e1ml\u00e1k\"            id=\"footable_1342\"\n           data-unique_identifier=\"ninja_table_unique_id_316631595_1342\"\n           class=\" foo-table ninja_footable foo_table_1342 ninja_table_unique_id_316631595_1342 ui table  nt_type_ajax_table selectable striped vertical_centered ninja_custom_color inverted footable-paging-right ninja_table_pro\">\n                <colgroup>\n                            <col class=\"ninja_column_0 \">\n                            <col class=\"ninja_column_1 \">\n                            <col class=\"ninja_column_2 \">\n                    <\/colgroup>\n            <\/table>\n                    <style type=\"text\/css\" id='ninja_table_custom_css_1329'>\n                        #footable_1329  {\n    font-family: inherit;\n    font-size: 14px;\n    }\n\n\n    #footable_1329 tbody tr td span.fooicon-plus:before {\n    background-color:  !important;\n    }\n    #footable_1329 tbody tr td span.fooicon-minus:before {\n    background-color:  !important;\n    }\n\n    #footable_1329 tbody tr:hover td span.fooicon-plus:before {\n    background-color:  !important;\n    }\n    #footable_1329 tbody tr:hover td span.fooicon-minus:before {\n    background-color:  !important;\n    }\n\n    #footable_1329 thead tr.footable-header th span::before {\n    background-color:  !important;\n    }\n    #footable_1329,\n    #footable_1329 table {\n    background-color: rgba(241, 231, 172, 1) !important;\n    color:  !important;\n    border-color:  !important;\n    }\n    #footable_1329 thead tr.footable-filtering th {\n    background-color:  !important;\n    color:  !important;\n    }\n    #footable_1329:not(.hide_all_borders) thead tr.footable-filtering th {\n            border : 1px solid transparent !important;\n        }\n    #footable_1329 .input-group-btn:last-child > .btn:not(:last-child):not(.dropdown-toggle) {\n    background-color:  !important;\n    color:  !important;\n    }\n    #footable_1329 tr.footable-header, #footable_1329 tr.footable-header th, .colored_table #footable_1329 table.ninja_table_pro.inverted.table.footable-details tbody tr th {\n    background-color:  !important;\n    color:  !important;\n    }\n    \n        #footable_1329 tbody tr:hover {\n    background-color:  !important;\n    color:  !important;\n    }\n    #footable_1329 tbody tr:hover td {\n    border-color:  !important;\n    }\n    \n    #footable_1329 tfoot .footable-paging {\n    background-color:  !important;\n    }\n    #footable_1329 tfoot .footable-paging .footable-page.active a {\n    background-color:  !important;\n    }\n    #footable_1329:not(.hide_all_borders) tfoot tr.footable-paging td {\n    border-color:  !important;\n    }\n\n                <\/style>\n                                <style type=\"text\/css\" id='ninja_table_custom_css_1342'>\n                        #footable_1342  {\n    font-family: inherit;\n    font-size: 14px;\n    }\n\n\n    #footable_1342 tbody tr td span.fooicon-plus:before {\n    background-color:  !important;\n    }\n    #footable_1342 tbody tr td span.fooicon-minus:before {\n    background-color:  !important;\n    }\n\n    #footable_1342 tbody tr:hover td span.fooicon-plus:before {\n    background-color:  !important;\n    }\n    #footable_1342 tbody tr:hover td span.fooicon-minus:before {\n    background-color:  !important;\n    }\n\n    #footable_1342 thead tr.footable-header th span::before {\n    background-color:  !important;\n    }\n    #footable_1342,\n    #footable_1342 table {\n    background-color: rgba(241, 231, 172, 1) !important;\n    color:  !important;\n    border-color:  !important;\n    }\n    #footable_1342 thead tr.footable-filtering th {\n    background-color:  !important;\n    color:  !important;\n    }\n    #footable_1342:not(.hide_all_borders) thead tr.footable-filtering th {\n            border : 1px solid transparent !important;\n        }\n    #footable_1342 .input-group-btn:last-child > .btn:not(:last-child):not(.dropdown-toggle) {\n    background-color:  !important;\n    color:  !important;\n    }\n    #footable_1342 tr.footable-header, #footable_1342 tr.footable-header th, .colored_table #footable_1342 table.ninja_table_pro.inverted.table.footable-details tbody tr th {\n    background-color:  !important;\n    color:  !important;\n    }\n    \n        #footable_1342 tbody tr:hover {\n    background-color:  !important;\n    color:  !important;\n    }\n    #footable_1342 tbody tr:hover td {\n    border-color:  !important;\n    }\n    \n    #footable_1342 tfoot .footable-paging {\n    background-color:  !important;\n    }\n    #footable_1342 tfoot .footable-paging .footable-page.active a {\n    background-color:  !important;\n    }\n    #footable_1342:not(.hide_all_borders) tfoot tr.footable-paging td {\n    border-color:  !important;\n    }\n\n                <\/style>\n                \n    \n    \n<\/div>\n<\/p>\n<\/div>\n\t\t\t\t\t\t\t\t\t<div class=\"elementor-tab-title elementor-tab-mobile-title\" aria-selected=\"false\" data-tab=\"3\" role=\"tab\" tabindex=\"-1\" aria-controls=\"elementor-tab-content-6623\" aria-expanded=\"false\">Objedn\u00e1vky<\/div>\n\t\t\t\t\t<div id=\"elementor-tab-content-6623\" class=\"elementor-tab-content elementor-clearfix\" data-tab=\"3\" role=\"tabpanel\" aria-labelledby=\"elementor-tab-title-6623\" tabindex=\"0\" hidden=\"hidden\"><p><div id=\"footable_parent_1344\"\n         class=\" footable_parent ninja_table_wrapper loading_ninja_table wp_table_data_press_parent semantic_ui colored_table\">\n                <table data-ninja_table_instance=\"ninja_table_instance_2\" data-footable_id=\"1344\" data-filter-delay=\"1000\" aria-label=\"Megrendel\u00e9sek\"            id=\"footable_1344\"\n           data-unique_identifier=\"ninja_table_unique_id_13265088_1344\"\n           class=\" foo-table ninja_footable foo_table_1344 ninja_table_unique_id_13265088_1344 ui table  nt_type_ajax_table selectable striped vertical_centered ninja_custom_color inverted footable-paging-right ninja_table_pro\">\n                <colgroup>\n                            <col class=\"ninja_column_0 \">\n                            <col class=\"ninja_column_1 \">\n                            <col class=\"ninja_column_2 \">\n                    <\/colgroup>\n            <\/table>\n                    <style type=\"text\/css\" id='ninja_table_custom_css_1329'>\n                        #footable_1329  {\n    font-family: inherit;\n    font-size: 14px;\n    }\n\n\n    #footable_1329 tbody tr td span.fooicon-plus:before {\n    background-color:  !important;\n    }\n    #footable_1329 tbody tr td span.fooicon-minus:before {\n    background-color:  !important;\n    }\n\n    #footable_1329 tbody tr:hover td span.fooicon-plus:before {\n    background-color:  !important;\n    }\n    #footable_1329 tbody tr:hover td span.fooicon-minus:before {\n    background-color:  !important;\n    }\n\n    #footable_1329 thead tr.footable-header th span::before {\n    background-color:  !important;\n    }\n    #footable_1329,\n    #footable_1329 table {\n    background-color: rgba(241, 231, 172, 1) !important;\n    color:  !important;\n    border-color:  !important;\n    }\n    #footable_1329 thead tr.footable-filtering th {\n    background-color:  !important;\n    color:  !important;\n    }\n    #footable_1329:not(.hide_all_borders) thead tr.footable-filtering th {\n            border : 1px solid transparent !important;\n        }\n    #footable_1329 .input-group-btn:last-child > .btn:not(:last-child):not(.dropdown-toggle) {\n    background-color:  !important;\n    color:  !important;\n    }\n    #footable_1329 tr.footable-header, #footable_1329 tr.footable-header th, .colored_table #footable_1329 table.ninja_table_pro.inverted.table.footable-details tbody tr th {\n    background-color:  !important;\n    color:  !important;\n    }\n    \n        #footable_1329 tbody tr:hover {\n    background-color:  !important;\n    color:  !important;\n    }\n    #footable_1329 tbody tr:hover td {\n    border-color:  !important;\n    }\n    \n    #footable_1329 tfoot .footable-paging {\n    background-color:  !important;\n    }\n    #footable_1329 tfoot .footable-paging .footable-page.active a {\n    background-color:  !important;\n    }\n    #footable_1329:not(.hide_all_borders) tfoot tr.footable-paging td {\n    border-color:  !important;\n    }\n\n                <\/style>\n                                <style type=\"text\/css\" id='ninja_table_custom_css_1342'>\n                        #footable_1342  {\n    font-family: inherit;\n    font-size: 14px;\n    }\n\n\n    #footable_1342 tbody tr td span.fooicon-plus:before {\n    background-color:  !important;\n    }\n    #footable_1342 tbody tr td span.fooicon-minus:before {\n    background-color:  !important;\n    }\n\n    #footable_1342 tbody tr:hover td span.fooicon-plus:before {\n    background-color:  !important;\n    }\n    #footable_1342 tbody tr:hover td span.fooicon-minus:before {\n    background-color:  !important;\n    }\n\n    #footable_1342 thead tr.footable-header th span::before {\n    background-color:  !important;\n    }\n    #footable_1342,\n    #footable_1342 table {\n    background-color: rgba(241, 231, 172, 1) !important;\n    color:  !important;\n    border-color:  !important;\n    }\n    #footable_1342 thead tr.footable-filtering th {\n    background-color:  !important;\n    color:  !important;\n    }\n    #footable_1342:not(.hide_all_borders) thead tr.footable-filtering th {\n            border : 1px solid transparent !important;\n        }\n    #footable_1342 .input-group-btn:last-child > .btn:not(:last-child):not(.dropdown-toggle) {\n    background-color:  !important;\n    color:  !important;\n    }\n    #footable_1342 tr.footable-header, #footable_1342 tr.footable-header th, .colored_table #footable_1342 table.ninja_table_pro.inverted.table.footable-details tbody tr th {\n    background-color:  !important;\n    color:  !important;\n    }\n    \n        #footable_1342 tbody tr:hover {\n    background-color:  !important;\n    color:  !important;\n    }\n    #footable_1342 tbody tr:hover td {\n    border-color:  !important;\n    }\n    \n    #footable_1342 tfoot .footable-paging {\n    background-color:  !important;\n    }\n    #footable_1342 tfoot .footable-paging .footable-page.active a {\n    background-color:  !important;\n    }\n    #footable_1342:not(.hide_all_borders) tfoot tr.footable-paging td {\n    border-color:  !important;\n    }\n\n                <\/style>\n                                <style type=\"text\/css\" id='ninja_table_custom_css_1344'>\n                        #footable_1344  {\n    font-family: inherit;\n    font-size: 14px;\n    }\n\n\n    #footable_1344 tbody tr td span.fooicon-plus:before {\n    background-color:  !important;\n    }\n    #footable_1344 tbody tr td span.fooicon-minus:before {\n    background-color:  !important;\n    }\n\n    #footable_1344 tbody tr:hover td span.fooicon-plus:before {\n    background-color:  !important;\n    }\n    #footable_1344 tbody tr:hover td span.fooicon-minus:before {\n    background-color:  !important;\n    }\n\n    #footable_1344 thead tr.footable-header th span::before {\n    background-color:  !important;\n    }\n    #footable_1344,\n    #footable_1344 table {\n    background-color: rgba(241, 231, 172, 1) !important;\n    color:  !important;\n    border-color:  !important;\n    }\n    #footable_1344 thead tr.footable-filtering th {\n    background-color:  !important;\n    color:  !important;\n    }\n    #footable_1344:not(.hide_all_borders) thead tr.footable-filtering th {\n            border : 1px solid transparent !important;\n        }\n    #footable_1344 .input-group-btn:last-child > .btn:not(:last-child):not(.dropdown-toggle) {\n    background-color:  !important;\n    color:  !important;\n    }\n    #footable_1344 tr.footable-header, #footable_1344 tr.footable-header th, .colored_table #footable_1344 table.ninja_table_pro.inverted.table.footable-details tbody tr th {\n    background-color:  !important;\n    color:  !important;\n    }\n    \n        #footable_1344 tbody tr:hover {\n    background-color:  !important;\n    color:  !important;\n    }\n    #footable_1344 tbody tr:hover td {\n    border-color:  !important;\n    }\n    \n    #footable_1344 tfoot .footable-paging {\n    background-color:  !important;\n    }\n    #footable_1344 tfoot .footable-paging .footable-page.active a {\n    background-color:  !important;\n    }\n    #footable_1344:not(.hide_all_borders) tfoot tr.footable-paging td {\n    border-color:  !important;\n    }\n\n                <\/style>\n                \n    \n    \n<\/div>\n<\/p>\n<\/div>\n\t\t\t\t\t\t\t<\/div>\n\t\t<\/div>\n\t\t\t\t<\/div>\n\t\t\t\t<\/div>\n\t\t\t\t\t<\/div>\n\t\t\t\t<\/div>\n\t\t\t\t\t\t\t<\/div>\n\t\t","protected":false},"excerpt":{"rendered":"<p>Zmluvy, fakt\u00fary, objedn\u00e1vky Zmluvy Fakt\u00fary Objedn\u00e1vky Zmluvy Fakt\u00fary Objedn\u00e1vky<\/p>\n","protected":false},"author":1,"featured_media":0,"parent":0,"menu_order":0,"comment_status":"closed","ping_status":"closed","template":"","meta":{"site-sidebar-layout":"no-sidebar","site-content-layout":"page-builder","ast-site-content-layout":"","site-content-style":"default","site-sidebar-style":"default","ast-global-header-display":"","ast-banner-title-visibility":"","ast-main-header-display":"","ast-hfb-above-header-display":"","ast-hfb-below-header-display":"","ast-hfb-mobile-header-display":"","site-post-title":"disabled","ast-breadcrumbs-content":"disabled","ast-featured-img":"disabled","footer-sml-layout":"","theme-transparent-header-meta":"enabled","adv-header-id-meta":"","stick-header-meta":"","header-above-stick-meta":"","header-main-stick-meta":"","header-below-stick-meta":"","astra-migrate-meta-layouts":"","footnotes":""},"class_list":["post-1032","page","type-page","status-publish","hentry"],"acf":[],"_links":{"self":[{"href":"https:\/\/adamis.sk\/sk\/wp-json\/wp\/v2\/pages\/1032","targetHints":{"allow":["GET"]}}],"collection":[{"href":"https:\/\/adamis.sk\/sk\/wp-json\/wp\/v2\/pages"}],"about":[{"href":"https:\/\/adamis.sk\/sk\/wp-json\/wp\/v2\/types\/page"}],"author":[{"embeddable":true,"href":"https:\/\/adamis.sk\/sk\/wp-json\/wp\/v2\/users\/1"}],"replies":[{"embeddable":true,"href":"https:\/\/adamis.sk\/sk\/wp-json\/wp\/v2\/comments?post=1032"}],"version-history":[{"count":5,"href":"https:\/\/adamis.sk\/sk\/wp-json\/wp\/v2\/pages\/1032\/revisions"}],"predecessor-version":[{"id":1352,"href":"https:\/\/adamis.sk\/sk\/wp-json\/wp\/v2\/pages\/1032\/revisions\/1352"}],"wp:attachment":[{"href":"https:\/\/adamis.sk\/sk\/wp-json\/wp\/v2\/media?parent=1032"}],"curies":[{"name":"wp","href":"https:\/\/api.w.org\/{rel}","templated":true}]}}