{"id":1036,"date":"2023-10-04T13:36:47","date_gmt":"2023-10-04T12:36:47","guid":{"rendered":"https:\/\/adamis.sk\/dokumenty\/"},"modified":"2026-01-14T13:23:58","modified_gmt":"2026-01-14T12:23:58","slug":"dokumenty","status":"publish","type":"page","link":"https:\/\/adamis.sk\/sk\/dokumenty\/","title":{"rendered":"Dokumenty"},"content":{"rendered":"\t\t<div data-elementor-type=\"wp-page\" data-elementor-id=\"1036\" class=\"elementor elementor-1036 elementor-754\" data-elementor-post-type=\"page\">\n\t\t\t\t\t\t\t\t\t<section data-particle_enable=\"false\" data-particle-mobile-disabled=\"false\" class=\"elementor-section elementor-top-section elementor-element elementor-element-d8d5da8 elementor-section-boxed elementor-section-height-default elementor-section-height-default\" data-id=\"d8d5da8\" data-element_type=\"section\">\n\t\t\t\t\t\t<div class=\"elementor-container elementor-column-gap-no\">\n\t\t\t\t\t<div class=\"elementor-column elementor-col-100 elementor-top-column elementor-element elementor-element-5d02d36\" data-id=\"5d02d36\" data-element_type=\"column\">\n\t\t\t<div class=\"elementor-widget-wrap elementor-element-populated\">\n\t\t\t\t\t\t\t\t<div class=\"elementor-element elementor-element-c797f68 elementor-widget elementor-widget-heading\" data-id=\"c797f68\" data-element_type=\"widget\" data-widget_type=\"heading.default\">\n\t\t\t\t<div class=\"elementor-widget-container\">\n\t\t\t<style>\/*! elementor - v3.16.0 - 20-09-2023 *\/\n.elementor-heading-title{padding:0;margin:0;line-height:1}.elementor-widget-heading .elementor-heading-title[class*=elementor-size-]>a{color:inherit;font-size:inherit;line-height:inherit}.elementor-widget-heading .elementor-heading-title.elementor-size-small{font-size:15px}.elementor-widget-heading .elementor-heading-title.elementor-size-medium{font-size:19px}.elementor-widget-heading .elementor-heading-title.elementor-size-large{font-size:29px}.elementor-widget-heading .elementor-heading-title.elementor-size-xl{font-size:39px}.elementor-widget-heading .elementor-heading-title.elementor-size-xxl{font-size:59px}<\/style><h1 class=\"elementor-heading-title elementor-size-default\">DOKUMENTY<\/h1>\t\t<\/div>\n\t\t\t\t<\/div>\n\t\t\t\t\t<\/div>\n\t\t<\/div>\n\t\t\t\t\t\t\t<\/div>\n\t\t<\/section>\n\t\t<div data-particle_enable=\"false\" data-particle-mobile-disabled=\"false\" class=\"elementor-element elementor-element-bb87b6c e-flex e-con-boxed e-con e-parent\" data-id=\"bb87b6c\" data-element_type=\"container\" data-settings=\"{&quot;content_width&quot;:&quot;boxed&quot;}\" data-core-v316-plus=\"true\">\n\t\t\t\t\t<div class=\"e-con-inner\">\n\t\t\t\t<div class=\"elementor-element elementor-element-10b5e7a eael-table-align-center eael-dt-th-align-left elementor-widget elementor-widget-eael-data-table\" data-id=\"10b5e7a\" data-element_type=\"widget\" data-widget_type=\"eael-data-table.default\">\n\t\t\t\t<div class=\"elementor-widget-container\">\n\t\t\t\t\t<div class=\"eael-data-table-wrap\" data-table_id=\"10b5e7a\" id=\"eael-data-table-10b5e7a\" data-custom_responsive=\"false\">\n\t\t\t<table class=\"tablesorter eael-data-table center\" id=\"eael-data-table-10b5e7a\">\n\t\t\t    <thead>\n\t\t\t        <tr class=\"table-header\">\n\t\t\t\t\t\t\t\t\t            <th class=\" sorting\" id=\"\" colspan=\"\">\n\t\t\t\t\t\t\t\t\t\t\t\t\t\t<span class=\"data-table-header-text\">Adresa<\/span><\/th>\n\t\t\t        \t\t\t\t            <th class=\" sorting\" id=\"\" colspan=\"\">\n\t\t\t\t\t\t\t\t\t\t\t\t\t\t<span class=\"data-table-header-text\">Stiahnu\u0165<\/span><\/th>\n\t\t\t        \t\t\t\t        <\/tr>\n\t\t\t    <\/thead>\n\t\t\t  \t<tbody>\n\t\t\t\t\t\t\t\t\t\t\t<tr>\n\t\t\t\t\t\t\t\t\t\t\t\t\t\t\t\t   \t\t\t\t\t\t\t\t\t\t\t<td colspan=\"\" rowspan=\"\" class=\"\" id=\"\">\n\t\t\t\t\t\t\t\t\t\t\t\t<div class=\"td-content-wrapper\"><div class=\"td-content\"><p><strong>\u0160tat\u00fat MsKS<\/strong><\/p>\n<\/div><\/div>\n\t\t\t\t\t\t\t\t\t\t\t<\/td>\n\t\t\t\t\t\t\t\t\t\t\t\t\t\t\t\t\t\t\t\t\t\t\t\t\t\t\t\t\t   \t\t\t\t\t\t\t\t\t\t\t<td colspan=\"\" rowspan=\"\" class=\"\" id=\"\">\n\t\t\t\t\t\t\t\t\t\t\t\t<div class=\"td-content-wrapper\"><div class=\"td-content\"><p><a href=\"https:\/\/adamis.sk\/wp-content\/uploads\/2023\/10\/statut-msks.pdf\">statut-msks<\/a><\/p>\n<\/div><\/div>\n\t\t\t\t\t\t\t\t\t\t\t<\/td>\n\t\t\t\t\t\t\t\t\t\t\t\t\t\t\t\t\t\t\t\t\t\t\t\t\t\t<\/tr>\n\t\t\t        \t\t\t\t\t\t<tr>\n\t\t\t\t\t\t\t\t\t\t\t\t\t\t\t\t   \t\t\t\t\t\t\t\t\t\t\t<td colspan=\"\" rowspan=\"\" class=\"\" id=\"\">\n\t\t\t\t\t\t\t\t\t\t\t\t<div class=\"td-content-wrapper\"><div class=\"td-content\"><p><strong>Zria\u010fovacia listina<\/strong><\/p>\n<\/div><\/div>\n\t\t\t\t\t\t\t\t\t\t\t<\/td>\n\t\t\t\t\t\t\t\t\t\t\t\t\t\t\t\t\t\t\t\t\t\t\t\t\t\t\t\t\t   \t\t\t\t\t\t\t\t\t\t\t<td colspan=\"\" rowspan=\"\" class=\"\" id=\"\">\n\t\t\t\t\t\t\t\t\t\t\t\t<div class=\"td-content-wrapper\"><div class=\"td-content\"><p><a href=\"https:\/\/adamis.sk\/wp-content\/uploads\/2023\/11\/alapitolevel-zriad.-listina.pdf\">alapit\u00f3lev\u00e9l- zriad. listina<\/a><\/p>\n<\/div><\/div>\n\t\t\t\t\t\t\t\t\t\t\t<\/td>\n\t\t\t\t\t\t\t\t\t\t\t\t\t\t\t\t\t\t\t\t\t\t\t\t\t\t<\/tr>\n\t\t\t        \t\t\t\t\t\t<tr>\n\t\t\t\t\t\t\t\t\t\t\t\t\t\t\t\t   \t\t\t\t\t\t\t\t\t\t\t<td colspan=\"\" rowspan=\"\" class=\"\" id=\"\">\n\t\t\t\t\t\t\t\t\t\t\t\t<div class=\"td-content-wrapper\"><div class=\"td-content\"><p><strong>Potvrdenie zria\u010fovate\u013ea<\/strong><\/p>\n<\/div><\/div>\n\t\t\t\t\t\t\t\t\t\t\t<\/td>\n\t\t\t\t\t\t\t\t\t\t\t\t\t\t\t\t\t\t\t\t\t\t\t\t\t\t\t\t\t   \t\t\t\t\t\t\t\t\t\t\t<td colspan=\"\" rowspan=\"\" class=\"\" id=\"\">\n\t\t\t\t\t\t\t\t\t\t\t\t<div class=\"td-content-wrapper\"><div class=\"td-content\"><p><a href=\"https:\/\/adamis.sk\/wp-content\/uploads\/2023\/10\/potvrdenie-zriadovatela.pdf\">potvrdenie-zriadovatela<\/a><\/p>\n<\/div><\/div>\n\t\t\t\t\t\t\t\t\t\t\t<\/td>\n\t\t\t\t\t\t\t\t\t\t\t\t\t\t\t\t\t\t\t\t\t\t\t\t\t\t<\/tr>\n\t\t\t        \t\t\t\t\t\t<tr>\n\t\t\t\t\t\t\t\t\t\t\t\t\t\t\t\t   \t\t\t\t\t\t\t\t\t\t\t<td colspan=\"\" rowspan=\"\" class=\"\" id=\"\">\n\t\t\t\t\t\t\t\t\t\t\t\t<div class=\"td-content-wrapper\"><div class=\"td-content\"><p><strong>I\u010cO<\/strong><\/p>\n<\/div><\/div>\n\t\t\t\t\t\t\t\t\t\t\t<\/td>\n\t\t\t\t\t\t\t\t\t\t\t\t\t\t\t\t\t\t\t\t\t\t\t\t\t\t\t\t\t   \t\t\t\t\t\t\t\t\t\t\t<td colspan=\"\" rowspan=\"\" class=\"\" id=\"\">\n\t\t\t\t\t\t\t\t\t\t\t\t<div class=\"td-content-wrapper\"><div class=\"td-content\"><p><a href=\"https:\/\/adamis.sk\/wp-content\/uploads\/2023\/10\/ICO.pdf\">ICO<\/a><\/p>\n<\/div><\/div>\n\t\t\t\t\t\t\t\t\t\t\t<\/td>\n\t\t\t\t\t\t\t\t\t\t\t\t\t\t\t\t\t\t\t\t\t\t\t\t\t\t<\/tr>\n\t\t\t        \t\t\t\t\t\t<tr>\n\t\t\t\t\t\t\t\t\t\t\t\t\t\t\t\t   \t\t\t\t\t\t\t\t\t\t\t<td colspan=\"\" rowspan=\"\" class=\"\" id=\"\">\n\t\t\t\t\t\t\t\t\t\t\t\t<div class=\"td-content-wrapper\"><div class=\"td-content\"><p><strong>V\u00fdpis zo \u0161tatistick\u00e9ho registra<\/strong><\/p>\n<\/div><\/div>\n\t\t\t\t\t\t\t\t\t\t\t<\/td>\n\t\t\t\t\t\t\t\t\t\t\t\t\t\t\t\t\t\t\t\t\t\t\t\t\t\t\t\t\t   \t\t\t\t\t\t\t\t\t\t\t<td colspan=\"\" rowspan=\"\" class=\"\" id=\"\">\n\t\t\t\t\t\t\t\t\t\t\t\t<div class=\"td-content-wrapper\"><div class=\"td-content\"><p><a href=\"https:\/\/adamis.sk\/wp-content\/uploads\/2023\/10\/stat-urad.pdf\">stat-urad<\/a><\/p>\n<\/div><\/div>\n\t\t\t\t\t\t\t\t\t\t\t<\/td>\n\t\t\t\t\t\t\t\t\t\t\t\t\t\t\t\t\t\t\t\t\t\t\t\t\t\t<\/tr>\n\t\t\t        \t\t\t\t\t\t<tr>\n\t\t\t\t\t\t\t\t\t\t\t\t\t\t\t\t   \t\t\t\t\t\t\t\t\t\t\t<td colspan=\"\" rowspan=\"\" class=\"\" id=\"\">\n\t\t\t\t\t\t\t\t\t\t\t\t<div class=\"td-content-wrapper\"><div class=\"td-content\"><p><strong>Z\u00e1sady pod\u00e1vania, preverovania a evidovania podnetov pod\u00e1van\u00fdch v zmysle z\u00e1kona \u010d. 307\/2014 Z. z. t\u00f6rv\u00e9nyi k\u00f6telezetts\u00e9g <\/strong><\/p>\n<\/div><\/div>\n\t\t\t\t\t\t\t\t\t\t\t<\/td>\n\t\t\t\t\t\t\t\t\t\t\t\t\t\t\t\t\t\t\t\t\t\t\t\t\t\t\t\t\t   \t\t\t\t\t\t\t\t\t\t\t<td colspan=\"\" rowspan=\"\" class=\"\" id=\"\">\n\t\t\t\t\t\t\t\t\t\t\t\t<div class=\"td-content-wrapper\"><div class=\"td-content\"><p><a href=\"https:\/\/adamis.sk\/wp-content\/uploads\/2023\/10\/zasady-poda%CC%81vania-podnetov.pdf\">zasady-poda\u0301vania-podnetov<\/a><\/p>\n<\/div><\/div>\n\t\t\t\t\t\t\t\t\t\t\t<\/td>\n\t\t\t\t\t\t\t\t\t\t\t\t\t\t\t\t\t\t\t\t\t\t\t\t\t\t<\/tr>\n\t\t\t        \t\t\t\t\t\t<tr>\n\t\t\t\t\t\t\t\t\t\t\t\t\t\t\t\t   \t\t\t\t\t\t\t\t\t\t\t<td colspan=\"\" rowspan=\"\" class=\"\" id=\"\">\n\t\t\t\t\t\t\t\t\t\t\t\t<div class=\"td-content-wrapper\"><div class=\"td-content\"><p><strong>\u0160tat\u00fat Mestskej kni\u017enice<\/strong><\/p>\n<\/div><\/div>\n\t\t\t\t\t\t\t\t\t\t\t<\/td>\n\t\t\t\t\t\t\t\t\t\t\t\t\t\t\t\t\t\t\t\t\t\t\t\t\t\t\t\t\t   \t\t\t\t\t\t\t\t\t\t\t<td colspan=\"\" rowspan=\"\" class=\"\" id=\"\">\n\t\t\t\t\t\t\t\t\t\t\t\t<div class=\"td-content-wrapper\"><div class=\"td-content\"><p><a href=\"https:\/\/adamis.sk\/wp-content\/uploads\/2023\/10\/statut-kniznice.pdf\">statut-kniznice<\/a><\/p>\n<\/div><\/div>\n\t\t\t\t\t\t\t\t\t\t\t<\/td>\n\t\t\t\t\t\t\t\t\t\t\t\t\t\t\t\t\t\t\t\t\t\t\t\t\t\t<\/tr>\n\t\t\t        \t\t\t\t\t\t<tr>\n\t\t\t\t\t\t\t\t\t\t\t\t\t\t\t\t   \t\t\t\t\t\t\t\t\t\t\t<td colspan=\"\" rowspan=\"\" class=\"\" id=\"\">\n\t\t\t\t\t\t\t\t\t\t\t\t<div class=\"td-content-wrapper\"><div class=\"td-content\"><p><strong>A szlov\u00e1k T\u00f6rv\u00e9nyt\u00e1r 307\/2014 sz. t\u00f6rv\u00e9nye \u00e1ltal meghat\u00e1rozott felel\u0151s szem\u00e9ly <\/strong><\/p>\n<\/div><\/div>\n\t\t\t\t\t\t\t\t\t\t\t<\/td>\n\t\t\t\t\t\t\t\t\t\t\t\t\t\t\t\t\t\t\t\t\t\t\t\t\t\t\t\t\t   \t\t\t\t\t\t\t\t\t\t\t<td colspan=\"\" rowspan=\"\" class=\"\" id=\"\">\n\t\t\t\t\t\t\t\t\t\t\t\t<div class=\"td-content-wrapper\"><div class=\"td-content\"><p><a href=\"https:\/\/adamis.sk\/wp-content\/uploads\/2023\/10\/szlovak-torvenytar-torvenye.pdf\">szlovak-torvenytar-torvenye<\/a><\/p>\n<\/div><\/div>\n\t\t\t\t\t\t\t\t\t\t\t<\/td>\n\t\t\t\t\t\t\t\t\t\t\t\t\t\t\t\t\t\t\t\t\t\t\t\t\t\t<\/tr>\n\t\t\t        \t\t\t    <\/tbody>\n\t\t\t<\/table>\n\t\t<\/div>\n\t  \t\t\t<\/div>\n\t\t\t\t<\/div>\n\t\t\t\t\t<\/div>\n\t\t\t\t<\/div>\n\t\t<div data-particle_enable=\"false\" data-particle-mobile-disabled=\"false\" class=\"elementor-element elementor-element-854db3c e-flex e-con-boxed e-con e-parent\" data-id=\"854db3c\" data-element_type=\"container\" data-settings=\"{&quot;content_width&quot;:&quot;boxed&quot;}\" data-core-v316-plus=\"true\">\n\t\t\t\t\t<div class=\"e-con-inner\">\n\t\t\t\t<div class=\"elementor-element elementor-element-673505d elementor-widget elementor-widget-text-editor\" data-id=\"673505d\" data-element_type=\"widget\" data-widget_type=\"text-editor.default\">\n\t\t\t\t<div class=\"elementor-widget-container\">\n\t\t\t<style>\/*! elementor - v3.16.0 - 20-09-2023 *\/\n.elementor-widget-text-editor.elementor-drop-cap-view-stacked .elementor-drop-cap{background-color:#69727d;color:#fff}.elementor-widget-text-editor.elementor-drop-cap-view-framed .elementor-drop-cap{color:#69727d;border:3px solid;background-color:transparent}.elementor-widget-text-editor:not(.elementor-drop-cap-view-default) .elementor-drop-cap{margin-top:8px}.elementor-widget-text-editor:not(.elementor-drop-cap-view-default) .elementor-drop-cap-letter{width:1em;height:1em}.elementor-widget-text-editor .elementor-drop-cap{float:left;text-align:center;line-height:1;font-size:50px}.elementor-widget-text-editor .elementor-drop-cap-letter{display:inline-block}<\/style>\t\t\t\t<p><strong>Stavebn\u00e9 \u00fapravy budovy MsKS v Kol\u00e1rove<\/strong><\/p><p><strong>\u00a0<\/strong><\/p><p><strong>Opis projektu:<\/strong><\/p><p>Hlavn\u00fdm \u00fa\u010delom projektu je komplexn\u00e1 moderniz\u00e1cia a rekon\u0161trukcia budovy Mestsk\u00e9ho kult\u00farneho strediska Anny Adamis v Kol\u00e1rove, s cie\u013eom zv\u00fd\u0161enia jeho energetickej \u00fa\u010dinnosti.<\/p><p>Navrhovan\u00e9 aktivity: Medzi projektom rie\u0161en\u00e9 aktivity patr\u00ed zateplenie fas\u00e1dy budovy, zateplenie rotundy, zateplenie stropu suter\u00e9nu, v\u00fdmena okien, dver\u00ed, zasklen\u00fdch stien, rekon\u0161trukcia strechy, vonkaj\u0161ie a vn\u00fatorn\u00e9 povrchov\u00e9 \u00fapravy, vybudovanie bezbari\u00e9rov\u00e9ho vstupu, in\u0161tal\u00e1cia fotovoltaick\u00e9ho zdroja.<\/p><p><strong>Miesto realiz\u00e1cie: <\/strong>Mestsk\u00e9 kult\u00farne stredisko Anny Adamis, Kostoln\u00e9 n\u00e1m. 4, 946 03 Kol\u00e1rovo, k.\u00fa. Kol\u00e1rovo, p.\u010d. 1198\/1,2<\/p><p>\u00a0<\/p><p><strong>\u0160pecifick\u00fd cie\u013e: <\/strong><\/p><ul><li>RSO2.1 Podpora energetickej efekt\u00edvnosti a zni\u017eovania emisi\u00ed sklen\u00edkov\u00fdch plynov (EFRR)<\/li><li>RSO2.2 Podpora energie z obnovite\u013en\u00fdch zdrojov v s\u00falade so smernicou (E\u00da) 2018\/2001 o podpore vyu\u017e\u00edvania energie z obnovite\u013en\u00fdch zdrojov vr\u00e1tane krit\u00e9ri\u00ed udr\u017eate\u013enosti, ktor\u00e9 s\u00fa v nej stanoven\u00e9 (EFRR)<\/li><\/ul><p>\u00a0<\/p><p><strong>O\u010dak\u00e1van\u00e9 v\u00fdsledky projektu:<\/strong><\/p><p><strong><em>Zlep\u0161ovanie energetickej hospod\u00e1rnosti a obnovy verejn\u00fdch budov <\/em><\/strong><\/p><p>&#8211; rekon\u0161trukcia a moderniz\u00e1cia stavieb za \u00fa\u010delom zn\u00ed\u017eenia ich energetickej n\u00e1ro\u010dnosti, resp. zlep\u0161enia ich energetickej hospod\u00e1rnosti;<\/p><p>&#8211; zateplenie obvodov\u00e9ho pl\u00e1\u0161\u0165a;<\/p><p>&#8211; zateplenie stre\u0161n\u00e9ho pl\u00e1\u0161\u0165a;<\/p><p>&#8211; v\u00fdmena otvorov\u00fdch kon\u0161trukci\u00ed;<\/p><p>&#8211; in\u0161tal\u00e1cia \/ rekon\u0161trukcia \/ moderniz\u00e1cia syst\u00e9mov chladenia a vetrania;<\/p><p>&#8211; realiz\u00e1cia opatren\u00ed zlep\u0161uj\u00facich kvalitu vn\u00fatorn\u00e9ho prostredia;<\/p><p>&#8211; realiz\u00e1cia debarieriza\u010dn\u00fdch opatren\u00ed;<\/p><p>\u00a0<\/p><p><strong><em>Podpora zariaden\u00ed vyu\u017e\u00edvaj\u00facich OZE vr\u00e1tane zariaden\u00ed, ktor\u00e9 s\u00fa s\u00fa\u010das\u0165ou syst\u00e9mu z\u00e1sobovania energiou verejn\u00fdch budov <\/em><\/strong><\/p><p>&#8211; podpora zariaden\u00ed vyu\u017e\u00edvaj\u00facich OZE<\/p><p>\u00a0<\/p><p><em>Spolufinancovan\u00fd Eur\u00f3pskou \u00daniou<\/em><\/p>\t\t\t\t\t\t<\/div>\n\t\t\t\t<\/div>\n\t\t\t\t\t<\/div>\n\t\t\t\t<\/div>\n\t\t\t\t\t\t\t<\/div>\n\t\t","protected":false},"excerpt":{"rendered":"<p>DOKUMENTY Adresa Stiahnu\u0165 \u0160tat\u00fat MsKS statut-msks Zria\u010fovacia listina alapit\u00f3lev\u00e9l- zriad. listina Potvrdenie zria\u010fovate\u013ea potvrdenie-zriadovatela I\u010cO ICO V\u00fdpis zo \u0161tatistick\u00e9ho registra stat-urad Z\u00e1sady pod\u00e1vania, preverovania a evidovania podnetov pod\u00e1van\u00fdch v zmysle &hellip;<\/p>\n<p class=\"read-more\"> <a class=\"\" href=\"https:\/\/adamis.sk\/sk\/dokumenty\/\"> <span class=\"screen-reader-text\">Dokumenty<\/span> \u010c\u00edtajte viac &raquo;<\/a><\/p>\n","protected":false},"author":1,"featured_media":0,"parent":0,"menu_order":0,"comment_status":"closed","ping_status":"closed","template":"","meta":{"site-sidebar-layout":"no-sidebar","site-content-layout":"page-builder","ast-site-content-layout":"","site-content-style":"default","site-sidebar-style":"default","ast-global-header-display":"","ast-banner-title-visibility":"","ast-main-header-display":"","ast-hfb-above-header-display":"","ast-hfb-below-header-display":"","ast-hfb-mobile-header-display":"","site-post-title":"disabled","ast-breadcrumbs-content":"disabled","ast-featured-img":"disabled","footer-sml-layout":"","theme-transparent-header-meta":"enabled","adv-header-id-meta":"","stick-header-meta":"","header-above-stick-meta":"","header-main-stick-meta":"","header-below-stick-meta":"","astra-migrate-meta-layouts":"","footnotes":""},"class_list":["post-1036","page","type-page","status-publish","hentry"],"acf":[],"_links":{"self":[{"href":"https:\/\/adamis.sk\/sk\/wp-json\/wp\/v2\/pages\/1036","targetHints":{"allow":["GET"]}}],"collection":[{"href":"https:\/\/adamis.sk\/sk\/wp-json\/wp\/v2\/pages"}],"about":[{"href":"https:\/\/adamis.sk\/sk\/wp-json\/wp\/v2\/types\/page"}],"author":[{"embeddable":true,"href":"https:\/\/adamis.sk\/sk\/wp-json\/wp\/v2\/users\/1"}],"replies":[{"embeddable":true,"href":"https:\/\/adamis.sk\/sk\/wp-json\/wp\/v2\/comments?post=1036"}],"version-history":[{"count":42,"href":"https:\/\/adamis.sk\/sk\/wp-json\/wp\/v2\/pages\/1036\/revisions"}],"predecessor-version":[{"id":10961,"href":"https:\/\/adamis.sk\/sk\/wp-json\/wp\/v2\/pages\/1036\/revisions\/10961"}],"wp:attachment":[{"href":"https:\/\/adamis.sk\/sk\/wp-json\/wp\/v2\/media?parent=1036"}],"curies":[{"name":"wp","href":"https:\/\/api.w.org\/{rel}","templated":true}]}}