{"id":962,"date":"2021-03-02T08:55:23","date_gmt":"2021-03-02T07:55:23","guid":{"rendered":"https:\/\/adamis.sk\/domov\/"},"modified":"2026-01-30T12:35:23","modified_gmt":"2026-01-30T11:35:23","slug":"domov","status":"publish","type":"page","link":"https:\/\/adamis.sk\/sk\/","title":{"rendered":"Domov"},"content":{"rendered":"\t\t<div data-elementor-type=\"wp-page\" data-elementor-id=\"962\" class=\"elementor elementor-962 elementor-19\" data-elementor-post-type=\"page\">\n\t\t\t\t\t\t\t\t\t<section data-particle_enable=\"false\" data-particle-mobile-disabled=\"false\" class=\"elementor-section elementor-top-section elementor-element elementor-element-e4886b3 elementor-section-height-full elementor-section-items-bottom elementor-section-boxed elementor-section-height-default\" data-id=\"e4886b3\" data-element_type=\"section\" data-settings=\"{&quot;background_background&quot;:&quot;classic&quot;}\">\n\t\t\t\t\t\t\t<div class=\"elementor-background-overlay\"><\/div>\n\t\t\t\t\t\t\t<div class=\"elementor-container elementor-column-gap-no\">\n\t\t\t\t\t<div class=\"elementor-column elementor-col-100 elementor-top-column elementor-element elementor-element-c0b3dad\" data-id=\"c0b3dad\" data-element_type=\"column\">\n\t\t\t<div class=\"elementor-widget-wrap elementor-element-populated\">\n\t\t\t\t\t\t\t\t<div class=\"elementor-element elementor-element-931bf8b elementor-widget elementor-widget-heading\" data-id=\"931bf8b\" data-element_type=\"widget\" data-widget_type=\"heading.default\">\n\t\t\t\t<div class=\"elementor-widget-container\">\n\t\t\t<style>\/*! elementor - v3.16.0 - 20-09-2023 *\/\n.elementor-heading-title{padding:0;margin:0;line-height:1}.elementor-widget-heading .elementor-heading-title[class*=elementor-size-]>a{color:inherit;font-size:inherit;line-height:inherit}.elementor-widget-heading .elementor-heading-title.elementor-size-small{font-size:15px}.elementor-widget-heading .elementor-heading-title.elementor-size-medium{font-size:19px}.elementor-widget-heading .elementor-heading-title.elementor-size-large{font-size:29px}.elementor-widget-heading .elementor-heading-title.elementor-size-xl{font-size:39px}.elementor-widget-heading .elementor-heading-title.elementor-size-xxl{font-size:59px}<\/style><h2 class=\"elementor-heading-title elementor-size-default\">METSK\u00c9 KULT\u00daRNE STREDISKO ANNY ADAMIS<\/h2>\t\t<\/div>\n\t\t\t\t<\/div>\n\t\t\t\t\t<\/div>\n\t\t<\/div>\n\t\t\t\t\t\t\t<\/div>\n\t\t<\/section>\n\t\t<div data-particle_enable=\"false\" data-particle-mobile-disabled=\"false\" class=\"elementor-element elementor-element-78ff143 e-flex e-con-boxed e-con e-parent\" data-id=\"78ff143\" data-element_type=\"container\" data-settings=\"{&quot;content_width&quot;:&quot;boxed&quot;}\" data-core-v316-plus=\"true\">\n\t\t\t\t\t<div class=\"e-con-inner\">\n\t\t\t\t<div class=\"elementor-element elementor-element-0c48b45 elementor-widget elementor-widget-heading\" data-id=\"0c48b45\" data-element_type=\"widget\" data-widget_type=\"heading.default\">\n\t\t\t\t<div class=\"elementor-widget-container\">\n\t\t\t<h2 class=\"elementor-heading-title elementor-size-default\">PROGRAMY<\/h2>\t\t<\/div>\n\t\t\t\t<\/div>\n\t\t\t\t<div class=\"elementor-element elementor-element-aef874f elementor-widget elementor-widget-the-events-calendar-addon\" data-id=\"aef874f\" data-element_type=\"widget\" data-widget_type=\"the-events-calendar-addon.default\">\n\t\t\t\t<div class=\"elementor-widget-container\">\n\t\t\t<!=========Events list Template 1.6.3=========><script type=\"application\/ld+json\">\r\n[{\"@context\":\"http:\/\/schema.org\",\"@type\":\"Event\",\"name\":\"Domov\",\"description\":\"&lt;p&gt;\/*! elementor - v3.16.0 - 20-09-2023 *\/ .elementor-heading-title{padding:0;margin:0;line-height:1}.elementor-widget-heading .elementor-heading-title&gt;a{color:inherit;font-size:inherit;line-height:inherit}.elementor-widget-heading .elementor-heading-title.elementor-size-small{font-size:15px}.elementor-widget-heading .elementor-heading-title.elementor-size-medium{font-size:19px}.elementor-widget-heading .elementor-heading-title.elementor-size-large{font-size:29px}.elementor-widget-heading .elementor-heading-title.elementor-size-xl{font-size:39px}.elementor-widget-heading .elementor-heading-title.elementor-size-xxl{font-size:59px}METSK\\u00c9 KULT\\u00daRNE STREDISKO ANNY ADAMIS PROGRAMY febru\\u00e1r 2026 febr 08 febr 08, 2026 17:00 - 20:00 ADAMIS &hellip;&lt;\/p&gt;\\\\n&lt;p class=&quot;read-more&quot;&gt; &lt;a class=&quot;&quot; href=&quot;https:\/\/adamis.sk\/sk\/&quot;&gt; &lt;span class=&quot;screen-reader-text&quot;&gt;Domov&lt;\/span&gt; \\u010c\\u00edtajte viac &raquo;&lt;\/a&gt;&lt;\/p&gt;\\\\n\",\"url\":\"https:\/\/adamis.sk\/sk\/\",\"eventAttendanceMode\":\"https:\/\/schema.org\/OfflineEventAttendanceMode\",\"eventStatus\":\"https:\/\/schema.org\/EventScheduled\",\"startDate\":\"2026-04-30T15:28:13+01:00\",\"endDate\":\"2026-04-30T15:28:13+01:00\",\"performer\":\"Organization\"}]\r\n<\/script><div id=\"ectbe-wrapper-aef874f\" class=\"ectbe-wrapper ectbe-list-wrapper style-2\"><div class=\"ectbe-month-header ectbe-simple-event\">m\u00e1j 2026<\/div><div id=\"event-11350\" class=\"ectbe-inner-wrapper ectbe-simple-event\"><div id=\"ectbe-date\" class=\"ectbe-date-area\">\r\n\t\t\t\t\t\t<span class=\"ectbe-ev-mo\">m\u00e1j<\/span>\r\n\t\t\t\t\t\t<span class=\"ectbe-ev-day\">14<\/span>\r\n\t\t\t\t\t<\/div><div class=\"ectbe-content-box\"><div class=\"ectbe-date-area\">\r\n                                <span class=\"ectbe-ev-mo\">m\u00e1j<\/span>\r\n                                <span class=\"ectbe-ev-day\">14, <\/span>\r\n                                <span class=\"ectbe-ev-yr\">2026<\/span>\r\n                                <span class=\"ectbe-evt-time\"><span class=\"ectbe-icon\"><i class=\"ectbe-icon-clock\" aria-hidden=\"true\"><\/i><\/span> 19:00 - 21:00<\/span>\r\n                                <\/div><div class=\"ectbe-evt-title\"><a class=\"ectbe-evt-url\" href=\"https:\/\/adamis.sk\/sk\/esemeny\/kiss-adam-onallo-estje-mit-nem-mondok\/\">Kiss \u00c1d\u00e1m \u00f6n\u00e1ll\u00f3 estje \u2013 Mit nem mondok!<\/a><\/div><div class=\"ectbe-evt-description\"><p>Nevesse v\u00e9gig Kiss \u00c1d\u00e1m fejl\u0151d\u00e9st\u00f6rt\u00e9net\u00e9t! Az iskola\u00e9vekt\u0151l a csal\u00e1dalap\u00edt\u00e1sig, Szerencst\u0151l Horv\u00e1torsz\u00e1gon \u00e1t Mexik\u00f3n kereszt\u00fcl eg\u00e9szen vissza a magyar val\u00f3s\u00e1gba. Jegyek megv\u00e1s\u00e1rolhat\u00f3ak ONLINE https:\/\/ticket.adamis.sk\/esemenyek\/kiss-adam-onallo-estje-mit-nem-mondok\/, illetve minden h\u00e9tk\u00f6znap 8:00 \u00e9s 16:00 \u00f3ra &hellip;<\/p>\n<p class=\"read-more\"> <a class=\"\" href=\"https:\/\/adamis.sk\/sk\/esemeny\/kiss-adam-onallo-estje-mit-nem-mondok\/\"> <span class=\"screen-reader-text\">Kiss \u00c1d\u00e1m \u00f6n\u00e1ll\u00f3 estje \u2013 Mit nem mondok!<\/span> \u010c\u00edtajte viac &raquo;<\/a><\/p>\n<\/div><div class=\"ectbe-evt-cost\">\n\t\t\t\t\t\t\t<span class=\"ectbe-icon\"><i class=\"ectbe-icon-ticket\" aria-hidden=\"true\"><\/i><\/span>\n\t\t\t\t\t\t\t<span class=\"ectbe-rate\">21\u20ac<\/span>\n\t\t\t\t\t\t<\/div><div class=\"ectbe-evt-more-box\"><a class=\"ectbe-evt-read-more\" href=\"https:\/\/adamis.sk\/sk\/esemeny\/kiss-adam-onallo-estje-mit-nem-mondok\/\"><\/a><\/div><\/div><div class=\"ectbe-evt-img\"><img src= \"https:\/\/adamis.sk\/wp-content\/uploads\/2026\/03\/1600x1600px-1-1024x1024.png\"\/><\/div><\/div><div class=\"ectbe-month-header ectbe-simple-event\">j\u00fan 2026<\/div><div id=\"event-11489\" class=\"ectbe-inner-wrapper ectbe-simple-event\"><div id=\"ectbe-date\" class=\"ectbe-date-area\">\r\n\t\t\t\t\t\t<span class=\"ectbe-ev-mo\">j\u00fan<\/span>\r\n\t\t\t\t\t\t<span class=\"ectbe-ev-day\">19<\/span>\r\n\t\t\t\t\t<\/div><div class=\"ectbe-content-box\"><div class=\"ectbe-date-area\">\r\n                                <span class=\"ectbe-ev-mo\">j\u00fan<\/span>\r\n                                <span class=\"ectbe-ev-day\">19, <\/span>\r\n                                <span class=\"ectbe-ev-yr\">2026<\/span>\r\n                                <span class=\"ectbe-evt-time\"><span class=\"ectbe-icon\"><i class=\"ectbe-icon-clock\" aria-hidden=\"true\"><\/i><\/span> 19:00 - 20:30<\/span>\r\n                                <\/div><div class=\"ectbe-evt-title\"><a class=\"ectbe-evt-url\" href=\"https:\/\/adamis.sk\/sk\/esemeny\/valyi-istvan-beszelgeto-est\/\">V\u00e1lyi Istv\u00e1n - Besz\u00e9lget\u0151 est<\/a><\/div><div class=\"ectbe-evt-description\"><p>Szereted az aut\u00f3kat, vagy csak egy j\u00f3 hangulat\u00fa est\u00e9re v\u00e1gysz? Akkor ezt az esem\u00e9nyt neked tal\u00e1ltuk ki! Csatlakozz hozz\u00e1nk egy izgalmas besz\u00e9lget\u00e9sre V\u00e1lyi Istv\u00e1nnal, a the Zone elismert aut\u00f3s \u00fajs\u00e1g\u00edr\u00f3j\u00e1val, &hellip;<\/p>\n<p class=\"read-more\"> <a class=\"\" href=\"https:\/\/adamis.sk\/sk\/esemeny\/valyi-istvan-beszelgeto-est\/\"> <span class=\"screen-reader-text\">V\u00e1lyi Istv\u00e1n &#8211; Besz\u00e9lget\u0151 est<\/span> \u010c\u00edtajte viac &raquo;<\/a><\/p>\n<\/div><div class=\"ectbe-evt-cost\">\n\t\t\t\t\t\t\t<span class=\"ectbe-icon\"><i class=\"ectbe-icon-ticket\" aria-hidden=\"true\"><\/i><\/span>\n\t\t\t\t\t\t\t<span class=\"ectbe-rate\">14\u20ac<\/span>\n\t\t\t\t\t\t<\/div><div class=\"ectbe-evt-more-box\"><a class=\"ectbe-evt-read-more\" href=\"https:\/\/adamis.sk\/sk\/esemeny\/valyi-istvan-beszelgeto-est\/\"><\/a><\/div><\/div><div class=\"ectbe-evt-img\"><img src= \"https:\/\/adamis.sk\/wp-content\/uploads\/2026\/04\/1600x1600px-1-1024x1024.png\"\/><\/div><\/div><\/div>\t\t<\/div>\n\t\t\t\t<\/div>\n\t\t\t\t\t<\/div>\n\t\t\t\t<\/div>\n\t\t\t\t\t\t\t<\/div>\n\t\t","protected":false},"excerpt":{"rendered":"<p>METSK\u00c9 KULT\u00daRNE STREDISKO ANNY ADAMIS PROGRAMY febru\u00e1r 2026 febr 08 febr 08, 2026 17:00 &#8211; 20:00 ADAMIS ANNA VMK \u00dcNNEP\u00c9LYES \u00c1TAD\u00c1SA Szeretettel megh\u00edvjuk \u00d6n\u00f6ket az Adamis Anna V\u00e1rosi M\u0171vel\u0151d\u00e9si K\u00f6zpont &hellip;<\/p>\n<p class=\"read-more\"> <a class=\"\" href=\"https:\/\/adamis.sk\/sk\/\"> <span class=\"screen-reader-text\">Domov<\/span> \u010c\u00edtajte viac &raquo;<\/a><\/p>\n","protected":false},"author":1,"featured_media":0,"parent":0,"menu_order":0,"comment_status":"closed","ping_status":"closed","template":"","meta":{"site-sidebar-layout":"no-sidebar","site-content-layout":"page-builder","ast-site-content-layout":"","site-content-style":"default","site-sidebar-style":"default","ast-global-header-display":"","ast-banner-title-visibility":"","ast-main-header-display":"","ast-hfb-above-header-display":"","ast-hfb-below-header-display":"","ast-hfb-mobile-header-display":"","site-post-title":"disabled","ast-breadcrumbs-content":"disabled","ast-featured-img":"disabled","footer-sml-layout":"","theme-transparent-header-meta":"enabled","adv-header-id-meta":"","stick-header-meta":"","header-above-stick-meta":"","header-main-stick-meta":"","header-below-stick-meta":"","astra-migrate-meta-layouts":"","footnotes":""},"class_list":["post-962","page","type-page","status-publish","hentry"],"acf":[],"_links":{"self":[{"href":"https:\/\/adamis.sk\/sk\/wp-json\/wp\/v2\/pages\/962","targetHints":{"allow":["GET"]}}],"collection":[{"href":"https:\/\/adamis.sk\/sk\/wp-json\/wp\/v2\/pages"}],"about":[{"href":"https:\/\/adamis.sk\/sk\/wp-json\/wp\/v2\/types\/page"}],"author":[{"embeddable":true,"href":"https:\/\/adamis.sk\/sk\/wp-json\/wp\/v2\/users\/1"}],"replies":[{"embeddable":true,"href":"https:\/\/adamis.sk\/sk\/wp-json\/wp\/v2\/comments?post=962"}],"version-history":[{"count":22,"href":"https:\/\/adamis.sk\/sk\/wp-json\/wp\/v2\/pages\/962\/revisions"}],"predecessor-version":[{"id":11076,"href":"https:\/\/adamis.sk\/sk\/wp-json\/wp\/v2\/pages\/962\/revisions\/11076"}],"wp:attachment":[{"href":"https:\/\/adamis.sk\/sk\/wp-json\/wp\/v2\/media?parent=962"}],"curies":[{"name":"wp","href":"https:\/\/api.w.org\/{rel}","templated":true}]}}