{"id":966,"date":"2021-03-03T07:01:16","date_gmt":"2021-03-03T06:01:16","guid":{"rendered":"https:\/\/adamis.sk\/kontakt\/"},"modified":"2026-01-30T12:33:15","modified_gmt":"2026-01-30T11:33:15","slug":"kontakt","status":"publish","type":"page","link":"https:\/\/adamis.sk\/sk\/kontakt\/","title":{"rendered":"Kontakt"},"content":{"rendered":"\t\t<div data-elementor-type=\"wp-page\" data-elementor-id=\"966\" class=\"elementor elementor-966 elementor-512\" data-elementor-post-type=\"page\">\n\t\t\t\t\t\t\t\t\t<section data-particle_enable=\"false\" data-particle-mobile-disabled=\"false\" class=\"elementor-section elementor-top-section elementor-element elementor-element-541c585 elementor-section-boxed elementor-section-height-default elementor-section-height-default\" data-id=\"541c585\" data-element_type=\"section\">\n\t\t\t\t\t\t<div class=\"elementor-container elementor-column-gap-no\">\n\t\t\t\t\t<div class=\"elementor-column elementor-col-100 elementor-top-column elementor-element elementor-element-523fa9a\" data-id=\"523fa9a\" data-element_type=\"column\">\n\t\t\t<div class=\"elementor-widget-wrap elementor-element-populated\">\n\t\t\t\t\t\t\t\t<div class=\"elementor-element elementor-element-c54aa98 elementor-widget elementor-widget-heading\" data-id=\"c54aa98\" data-element_type=\"widget\" data-widget_type=\"heading.default\">\n\t\t\t\t<div class=\"elementor-widget-container\">\n\t\t\t<style>\/*! elementor - v3.16.0 - 20-09-2023 *\/\n.elementor-heading-title{padding:0;margin:0;line-height:1}.elementor-widget-heading .elementor-heading-title[class*=elementor-size-]>a{color:inherit;font-size:inherit;line-height:inherit}.elementor-widget-heading .elementor-heading-title.elementor-size-small{font-size:15px}.elementor-widget-heading .elementor-heading-title.elementor-size-medium{font-size:19px}.elementor-widget-heading .elementor-heading-title.elementor-size-large{font-size:29px}.elementor-widget-heading .elementor-heading-title.elementor-size-xl{font-size:39px}.elementor-widget-heading .elementor-heading-title.elementor-size-xxl{font-size:59px}<\/style><h1 class=\"elementor-heading-title elementor-size-default\">KONTAKT<\/h1>\t\t<\/div>\n\t\t\t\t<\/div>\n\t\t\t\t<section data-particle_enable=\"false\" data-particle-mobile-disabled=\"false\" class=\"elementor-section elementor-inner-section elementor-element elementor-element-fb152fa elementor-section-boxed elementor-section-height-default elementor-section-height-default\" data-id=\"fb152fa\" data-element_type=\"section\">\n\t\t\t\t\t\t<div class=\"elementor-container elementor-column-gap-no\">\n\t\t\t\t\t<div class=\"elementor-column elementor-col-100 elementor-inner-column elementor-element elementor-element-8303511\" data-id=\"8303511\" data-element_type=\"column\">\n\t\t\t<div class=\"elementor-widget-wrap elementor-element-populated\">\n\t\t\t\t\t\t\t\t<div class=\"elementor-element elementor-element-8a98954 elementor-position-left elementor-view-default elementor-mobile-position-top elementor-vertical-align-top elementor-widget elementor-widget-icon-box\" data-id=\"8a98954\" data-element_type=\"widget\" data-widget_type=\"icon-box.default\">\n\t\t\t\t<div class=\"elementor-widget-container\">\n\t\t\t<link rel=\"stylesheet\" href=\"https:\/\/adamis.sk\/wp-content\/plugins\/elementor\/assets\/css\/widget-icon-box.min.css\">\t\t<div class=\"elementor-icon-box-wrapper\">\n\t\t\t\t\t\t<div class=\"elementor-icon-box-icon\">\n\t\t\t\t<span  class=\"elementor-icon elementor-animation-\">\n\t\t\t\t<i aria-hidden=\"true\" class=\"fas fa-map-marker-alt\"><\/i>\t\t\t\t<\/span>\n\t\t\t<\/div>\n\t\t\t\t\t\t<div class=\"elementor-icon-box-content\">\n\t\t\t\t<h6 class=\"elementor-icon-box-title\">\n\t\t\t\t\t<span  >\n\t\t\t\t\t\tAdresa\t\t\t\t\t<\/span>\n\t\t\t\t<\/h6>\n\t\t\t\t\t\t\t\t\t<p class=\"elementor-icon-box-description\">\n\t\t\t\t\t\tKostoln\u00e9 n\u00e1mestie 4, 946 03, Kol\u00e1rovo\t\t\t\t\t<\/p>\n\t\t\t\t\t\t\t<\/div>\n\t\t<\/div>\n\t\t\t\t<\/div>\n\t\t\t\t<\/div>\n\t\t\t\t\t<\/div>\n\t\t<\/div>\n\t\t\t\t\t\t\t<\/div>\n\t\t<\/section>\n\t\t\t\t<div class=\"elementor-element elementor-element-aa7e666 elementor-widget elementor-widget-text-editor\" data-id=\"aa7e666\" data-element_type=\"widget\" data-widget_type=\"text-editor.default\">\n\t\t\t\t<div class=\"elementor-widget-container\">\n\t\t\t<style>\/*! elementor - v3.16.0 - 20-09-2023 *\/\n.elementor-widget-text-editor.elementor-drop-cap-view-stacked .elementor-drop-cap{background-color:#69727d;color:#fff}.elementor-widget-text-editor.elementor-drop-cap-view-framed .elementor-drop-cap{color:#69727d;border:3px solid;background-color:transparent}.elementor-widget-text-editor:not(.elementor-drop-cap-view-default) .elementor-drop-cap{margin-top:8px}.elementor-widget-text-editor:not(.elementor-drop-cap-view-default) .elementor-drop-cap-letter{width:1em;height:1em}.elementor-widget-text-editor .elementor-drop-cap{float:left;text-align:center;line-height:1;font-size:50px}.elementor-widget-text-editor .elementor-drop-cap-letter{display:inline-block}<\/style>\t\t\t\t<table width=\"680\">\n<tbody>\n<tr>\n<td width=\"340\">\n<p>Kancel\u00e1rie\/Organiz\u00e1cia podujat\u00ed<br \/><strong>00421352021323<br \/>00421352289932<\/strong><\/p>\n<\/td>\n<td width=\"340\">\n<p>e-mail:<br \/><a href=\"mailto:info@adamis.sk\">info@adamis.sk<\/a><br \/><a href=\"mailto:vmkguta@gmail.com\">vmkguta@gmail.com<\/a><br \/><a href=\"mailto:halasz@adamis.sk\">halasz@adamis.sk<\/a><br \/><a href=\"mailto:laky@adamis.sk\">laky@adamis.sk<\/a><br \/><a href=\"mailto:kuzniar@adamis.sk\">kuzniar@adamis.sk<\/a><br \/><a href=\"mailto:nagy@adamis.sk\">nagy@adamis.sk<\/a><\/p>\n<\/td>\n<\/tr>\n<tr>\n<td width=\"340\">\n<p>Riadite\u013e<br \/><strong>00421352021324<\/strong><\/p>\n<\/td>\n<td width=\"340\">\n<p>e-mail: <a href=\"mailto:mayer@adamis.sk\">mayer@adamis.sk<\/a><\/p>\n<\/td>\n<\/tr>\n<tr>\n<td width=\"340\">\n<p>Kni\u017enica<br \/><strong>00421352289931<\/strong><\/p>\n<\/td>\n<td width=\"340\">\n<p>e-mail: <a href=\"mailto:szaboova@adamis.sk\">szaboova@adamis.sk<\/a>  <\/p>\n<\/td>\n<\/tr>\n<\/tbody>\n<\/table>\n\t\t\t\t\t\t<\/div>\n\t\t\t\t<\/div>\n\t\t\t\t<section data-particle_enable=\"false\" data-particle-mobile-disabled=\"false\" class=\"elementor-section elementor-inner-section elementor-element elementor-element-b5257c6 elementor-section-boxed elementor-section-height-default elementor-section-height-default\" data-id=\"b5257c6\" data-element_type=\"section\">\n\t\t\t\t\t\t<div class=\"elementor-container elementor-column-gap-no\">\n\t\t\t\t\t<div class=\"elementor-column elementor-col-100 elementor-inner-column elementor-element elementor-element-ec9300c\" data-id=\"ec9300c\" data-element_type=\"column\">\n\t\t\t<div class=\"elementor-widget-wrap elementor-element-populated\">\n\t\t\t\t\t\t\t\t<div class=\"elementor-element elementor-element-5aa6bad elementor-widget elementor-widget-google_maps\" data-id=\"5aa6bad\" data-element_type=\"widget\" data-widget_type=\"google_maps.default\">\n\t\t\t\t<div class=\"elementor-widget-container\">\n\t\t\t<style>\/*! elementor - v3.16.0 - 20-09-2023 *\/\n.elementor-widget-google_maps .elementor-widget-container{overflow:hidden}.elementor-widget-google_maps .elementor-custom-embed{line-height:0}.elementor-widget-google_maps iframe{height:300px}<\/style>\t\t<div class=\"elementor-custom-embed\">\n\t\t\t<iframe loading=\"lazy\"\n\t\t\t\t\tsrc=\"https:\/\/maps.google.com\/maps?q=Kostoln%C3%A9%20n%C3%A1mestie%204%2C%20Kol%C3%A1rovo&#038;t=m&#038;z=16&#038;output=embed&#038;iwloc=near\"\n\t\t\t\t\ttitle=\"Kostoln\u00e9 n\u00e1mestie 4, Kol\u00e1rovo\"\n\t\t\t\t\taria-label=\"Kostoln\u00e9 n\u00e1mestie 4, Kol\u00e1rovo\"\n\t\t\t><\/iframe>\n\t\t<\/div>\n\t\t\t\t<\/div>\n\t\t\t\t<\/div>\n\t\t\t\t\t<\/div>\n\t\t<\/div>\n\t\t\t\t\t\t\t<\/div>\n\t\t<\/section>\n\t\t\t\t\t<\/div>\n\t\t<\/div>\n\t\t\t\t\t\t\t<\/div>\n\t\t<\/section>\n\t\t\t\t\t\t\t<\/div>\n\t\t","protected":false},"excerpt":{"rendered":"<p>KONTAKT Adresa Kostoln\u00e9 n\u00e1mestie 4, 946 03, Kol\u00e1rovo Kancel\u00e1rie\/Organiz\u00e1cia podujat\u00ed0042135202132300421352289932 e-mail:info@adamis.skvmkguta@gmail.comhalasz@adamis.sklaky@adamis.skkuzniar@adamis.sknagy@adamis.sk Riadite\u013e00421352021324 e-mail: mayer@adamis.sk Kni\u017enica00421352289931 e-mail: szaboova@adamis.sk<\/p>\n","protected":false},"author":1,"featured_media":0,"parent":0,"menu_order":0,"comment_status":"closed","ping_status":"closed","template":"","meta":{"site-sidebar-layout":"no-sidebar","site-content-layout":"page-builder","ast-site-content-layout":"","site-content-style":"default","site-sidebar-style":"default","ast-global-header-display":"","ast-banner-title-visibility":"","ast-main-header-display":"","ast-hfb-above-header-display":"","ast-hfb-below-header-display":"","ast-hfb-mobile-header-display":"","site-post-title":"disabled","ast-breadcrumbs-content":"disabled","ast-featured-img":"disabled","footer-sml-layout":"","theme-transparent-header-meta":"enabled","adv-header-id-meta":"","stick-header-meta":"","header-above-stick-meta":"","header-main-stick-meta":"","header-below-stick-meta":"","astra-migrate-meta-layouts":"","footnotes":""},"class_list":["post-966","page","type-page","status-publish","hentry"],"acf":[],"_links":{"self":[{"href":"https:\/\/adamis.sk\/sk\/wp-json\/wp\/v2\/pages\/966","targetHints":{"allow":["GET"]}}],"collection":[{"href":"https:\/\/adamis.sk\/sk\/wp-json\/wp\/v2\/pages"}],"about":[{"href":"https:\/\/adamis.sk\/sk\/wp-json\/wp\/v2\/types\/page"}],"author":[{"embeddable":true,"href":"https:\/\/adamis.sk\/sk\/wp-json\/wp\/v2\/users\/1"}],"replies":[{"embeddable":true,"href":"https:\/\/adamis.sk\/sk\/wp-json\/wp\/v2\/comments?post=966"}],"version-history":[{"count":8,"href":"https:\/\/adamis.sk\/sk\/wp-json\/wp\/v2\/pages\/966\/revisions"}],"predecessor-version":[{"id":11068,"href":"https:\/\/adamis.sk\/sk\/wp-json\/wp\/v2\/pages\/966\/revisions\/11068"}],"wp:attachment":[{"href":"https:\/\/adamis.sk\/sk\/wp-json\/wp\/v2\/media?parent=966"}],"curies":[{"name":"wp","href":"https:\/\/api.w.org\/{rel}","templated":true}]}}