{"id":975,"date":"2023-10-04T12:37:21","date_gmt":"2023-10-04T12:37:21","guid":{"rendered":"https:\/\/adamis.sk\/historia-organizacie\/"},"modified":"2023-10-10T21:35:14","modified_gmt":"2023-10-10T21:35:14","slug":"historia-organizacie","status":"publish","type":"page","link":"https:\/\/adamis.sk\/sk\/historia-organizacie\/","title":{"rendered":"Hist\u00f3ria organiz\u00e1cie"},"content":{"rendered":"\t\t<div data-elementor-type=\"wp-page\" data-elementor-id=\"975\" class=\"elementor elementor-975 elementor-717\" data-elementor-post-type=\"page\">\n\t\t\t\t\t\t\t\t\t<section data-particle_enable=\"false\" data-particle-mobile-disabled=\"false\" class=\"elementor-section elementor-top-section elementor-element elementor-element-d8d5da8 elementor-section-boxed elementor-section-height-default elementor-section-height-default\" data-id=\"d8d5da8\" data-element_type=\"section\">\n\t\t\t\t\t\t<div class=\"elementor-container elementor-column-gap-no\">\n\t\t\t\t\t<div class=\"elementor-column elementor-col-100 elementor-top-column elementor-element elementor-element-5d02d36\" data-id=\"5d02d36\" data-element_type=\"column\">\n\t\t\t<div class=\"elementor-widget-wrap elementor-element-populated\">\n\t\t\t\t\t\t\t\t<div class=\"elementor-element elementor-element-c797f68 elementor-widget elementor-widget-heading\" data-id=\"c797f68\" data-element_type=\"widget\" data-widget_type=\"heading.default\">\n\t\t\t\t<div class=\"elementor-widget-container\">\n\t\t\t<style>\/*! elementor - v3.16.0 - 20-09-2023 *\/\n.elementor-heading-title{padding:0;margin:0;line-height:1}.elementor-widget-heading .elementor-heading-title[class*=elementor-size-]>a{color:inherit;font-size:inherit;line-height:inherit}.elementor-widget-heading .elementor-heading-title.elementor-size-small{font-size:15px}.elementor-widget-heading .elementor-heading-title.elementor-size-medium{font-size:19px}.elementor-widget-heading .elementor-heading-title.elementor-size-large{font-size:29px}.elementor-widget-heading .elementor-heading-title.elementor-size-xl{font-size:39px}.elementor-widget-heading .elementor-heading-title.elementor-size-xxl{font-size:59px}<\/style><h1 class=\"elementor-heading-title elementor-size-default\">Hist\u00f3ria organiz\u00e1cie<\/h1>\t\t<\/div>\n\t\t\t\t<\/div>\n\t\t\t\t\t<\/div>\n\t\t<\/div>\n\t\t\t\t\t\t\t<\/div>\n\t\t<\/section>\n\t\t<div data-particle_enable=\"false\" data-particle-mobile-disabled=\"false\" class=\"elementor-element elementor-element-2d39821 e-flex e-con-boxed e-con e-parent\" data-id=\"2d39821\" data-element_type=\"container\" data-settings=\"{&quot;content_width&quot;:&quot;boxed&quot;}\" data-core-v316-plus=\"true\">\n\t\t\t\t\t<div class=\"e-con-inner\">\n\t\t\t\t<div class=\"elementor-element elementor-element-77826b6 elementor-drop-cap-yes elementor-drop-cap-view-default elementor-widget elementor-widget-text-editor\" data-id=\"77826b6\" data-element_type=\"widget\" data-settings=\"{&quot;drop_cap&quot;:&quot;yes&quot;}\" data-widget_type=\"text-editor.default\">\n\t\t\t\t<div class=\"elementor-widget-container\">\n\t\t\t<style>\/*! elementor - v3.16.0 - 20-09-2023 *\/\n.elementor-widget-text-editor.elementor-drop-cap-view-stacked .elementor-drop-cap{background-color:#69727d;color:#fff}.elementor-widget-text-editor.elementor-drop-cap-view-framed .elementor-drop-cap{color:#69727d;border:3px solid;background-color:transparent}.elementor-widget-text-editor:not(.elementor-drop-cap-view-default) .elementor-drop-cap{margin-top:8px}.elementor-widget-text-editor:not(.elementor-drop-cap-view-default) .elementor-drop-cap-letter{width:1em;height:1em}.elementor-widget-text-editor .elementor-drop-cap{float:left;text-align:center;line-height:1;font-size:50px}.elementor-widget-text-editor .elementor-drop-cap-letter{display:inline-block}<\/style>\t\t\t\t<p>Mestsk\u00e9 kult\u00farne stredisko je od roku 1974 centrom kult\u00farneho \u017eivota Kol\u00e1rova i jeho okolia. <span style=\"font-style: inherit; font-weight: inherit; background-color: var(--ast-global-color-4); color: var(--ast-global-color-3);\">Za\u010dalo sa stava\u0165 po povodni v roku 1965.<\/span><span style=\"font-style: inherit; font-weight: inherit; color: var(--ast-global-color-3); background-color: var(--ast-global-color-4);\">\u010cinnos\u0165 mestsk\u00e9ho kult\u00farneho strediska, ktor\u00e9ho s\u00fa\u010das\u0165ou je i mestsk\u00e1 kni\u017enica, sa sl\u00e1vnostne zah\u00e1jila 8. m\u00e1ja v roku 1974. V roku 1985 sa pod mestsk\u00e9 kult\u00farne stredisko integrovala mestsk\u00e1 kni\u017enica, ml\u00e1de\u017en\u00edcky klub i kino Dunaj.<\/span><\/p>\n<p>Po tejto integr\u00e1cii prijal kult\u00farny dom n\u00e1zov mestsk\u00e9 kult\u00farne stredisko, ktor\u00e9ho zakladate\u013eom je mesto. Ide o pr\u00edspevkov\u00fa organiz\u00e1ciu s vlastnou pr\u00e1vnou subjektivitou, m\u00f4\u017ee teda vyv\u00edja\u0165 i vlastn\u00fa podnikate\u013esk\u00fa \u010dinnos\u0165. V roku 2023, v s\u00favislosti s bl\u00ed\u017eiacim sa 50. v\u00fdro\u010d\u00edm za\u010datia jeho \u010dinnosti prijalo Mestsk\u00e9 zastupite\u013estvo v Kol\u00e1rove spolo\u010dn\u00fd n\u00e1vrh p\u00e1na prim\u00e1tora Ing. B\u00e9lu Hal\u00e1sza a riadite\u013ea MsKS p\u00e1na Mgr. J\u00e1nosa Mayera, aby sa v tomto zmysle od 1. novembra roku 2023 in\u0161tit\u00facia premenovala na Mestsk\u00e9 kult\u00farne stredisko Anny Adamis. Anna Adamis je zn\u00e1ma ma\u010farsk\u00e1 text\u00e1rka a poetka, rod\u00e1\u010dka mesta, dr\u017eite\u013eka najvy\u0161\u0161\u00edch ma\u010farsk\u00fdch \u0161t\u00e1tnych ocenen\u00ed za celo\u017eivotn\u00e9 dielo.  Pre zna\u010dn\u00fa \u010das\u0165 obyvate\u013eov mesta je mestsk\u00e9 kult\u00farne stredisko miestom vy\u017eitia kult\u00farnych, oddychov\u00fdch, soci\u00e1lnych a vo\u013eno\u010dasov\u00fdch aktiv\u00edt. V tomto zmysle pon\u00faka kult\u00farny dom svoje slu\u017eby \u0161irok\u00e9mu okruhu jednotlivcov i zdru\u017een\u00ed a organiz\u00e1ci\u00ed.<\/p>\n<p>Za 50 rokov svojej \u010dinnosti hostil nespo\u010detn\u00e9 mno\u017estvo dom\u00e1cich a zahrani\u010dn\u00fdch umelcov, hudobn\u00fdch skup\u00edn i divadiel, profesion\u00e1lov i amat\u00e9rov.  <\/p>\t\t\t\t\t\t<\/div>\n\t\t\t\t<\/div>\n\t\t\t\t\t<\/div>\n\t\t\t\t<\/div>\n\t\t\t\t\t\t\t<\/div>\n\t\t","protected":false},"excerpt":{"rendered":"<p>Hist\u00f3ria organiz\u00e1cie Mestsk\u00e9 kult\u00farne stredisko je od roku 1974 centrom kult\u00farneho \u017eivota Kol\u00e1rova i jeho okolia. Za\u010dalo sa stava\u0165 po povodni v roku 1965.\u010cinnos\u0165 mestsk\u00e9ho kult\u00farneho strediska, ktor\u00e9ho s\u00fa\u010das\u0165ou je &hellip;<\/p>\n<p class=\"read-more\"> <a class=\"\" href=\"https:\/\/adamis.sk\/sk\/historia-organizacie\/\"> <span class=\"screen-reader-text\">Hist\u00f3ria organiz\u00e1cie<\/span> \u010c\u00edtajte viac &raquo;<\/a><\/p>\n","protected":false},"author":1,"featured_media":0,"parent":0,"menu_order":0,"comment_status":"closed","ping_status":"closed","template":"","meta":{"site-sidebar-layout":"no-sidebar","site-content-layout":"page-builder","ast-site-content-layout":"","site-content-style":"default","site-sidebar-style":"default","ast-global-header-display":"","ast-banner-title-visibility":"","ast-main-header-display":"","ast-hfb-above-header-display":"","ast-hfb-below-header-display":"","ast-hfb-mobile-header-display":"","site-post-title":"disabled","ast-breadcrumbs-content":"disabled","ast-featured-img":"disabled","footer-sml-layout":"","theme-transparent-header-meta":"enabled","adv-header-id-meta":"","stick-header-meta":"","header-above-stick-meta":"","header-main-stick-meta":"","header-below-stick-meta":"","astra-migrate-meta-layouts":"","footnotes":""},"class_list":["post-975","page","type-page","status-publish","hentry"],"acf":[],"_links":{"self":[{"href":"https:\/\/adamis.sk\/sk\/wp-json\/wp\/v2\/pages\/975","targetHints":{"allow":["GET"]}}],"collection":[{"href":"https:\/\/adamis.sk\/sk\/wp-json\/wp\/v2\/pages"}],"about":[{"href":"https:\/\/adamis.sk\/sk\/wp-json\/wp\/v2\/types\/page"}],"author":[{"embeddable":true,"href":"https:\/\/adamis.sk\/sk\/wp-json\/wp\/v2\/users\/1"}],"replies":[{"embeddable":true,"href":"https:\/\/adamis.sk\/sk\/wp-json\/wp\/v2\/comments?post=975"}],"version-history":[{"count":3,"href":"https:\/\/adamis.sk\/sk\/wp-json\/wp\/v2\/pages\/975\/revisions"}],"predecessor-version":[{"id":1434,"href":"https:\/\/adamis.sk\/sk\/wp-json\/wp\/v2\/pages\/975\/revisions\/1434"}],"wp:attachment":[{"href":"https:\/\/adamis.sk\/sk\/wp-json\/wp\/v2\/media?parent=975"}],"curies":[{"name":"wp","href":"https:\/\/api.w.org\/{rel}","templated":true}]}}