{"id":988,"date":"2021-03-03T02:25:52","date_gmt":"2021-03-03T02:25:52","guid":{"rendered":"https:\/\/adamis.sk\/vitame-vas\/"},"modified":"2023-10-10T21:32:52","modified_gmt":"2023-10-10T21:32:52","slug":"vitame-vas","status":"publish","type":"page","link":"https:\/\/adamis.sk\/sk\/vitame-vas\/","title":{"rendered":"V\u00edtame V\u00e1s"},"content":{"rendered":"\t\t<div data-elementor-type=\"wp-page\" data-elementor-id=\"988\" class=\"elementor elementor-988 elementor-394\" data-elementor-post-type=\"page\">\n\t\t\t\t\t\t\t\t\t<section data-particle_enable=\"false\" data-particle-mobile-disabled=\"false\" class=\"elementor-section elementor-top-section elementor-element elementor-element-d8d5da8 elementor-section-boxed elementor-section-height-default elementor-section-height-default\" data-id=\"d8d5da8\" data-element_type=\"section\">\n\t\t\t\t\t\t<div class=\"elementor-container elementor-column-gap-no\">\n\t\t\t\t\t<div class=\"elementor-column elementor-col-100 elementor-top-column elementor-element elementor-element-5d02d36\" data-id=\"5d02d36\" data-element_type=\"column\">\n\t\t\t<div class=\"elementor-widget-wrap elementor-element-populated\">\n\t\t\t\t\t\t\t\t<div class=\"elementor-element elementor-element-c797f68 elementor-widget elementor-widget-heading\" data-id=\"c797f68\" data-element_type=\"widget\" data-widget_type=\"heading.default\">\n\t\t\t\t<div class=\"elementor-widget-container\">\n\t\t\t<style>\/*! elementor - v3.16.0 - 20-09-2023 *\/\n.elementor-heading-title{padding:0;margin:0;line-height:1}.elementor-widget-heading .elementor-heading-title[class*=elementor-size-]>a{color:inherit;font-size:inherit;line-height:inherit}.elementor-widget-heading .elementor-heading-title.elementor-size-small{font-size:15px}.elementor-widget-heading .elementor-heading-title.elementor-size-medium{font-size:19px}.elementor-widget-heading .elementor-heading-title.elementor-size-large{font-size:29px}.elementor-widget-heading .elementor-heading-title.elementor-size-xl{font-size:39px}.elementor-widget-heading .elementor-heading-title.elementor-size-xxl{font-size:59px}<\/style><h1 class=\"elementor-heading-title elementor-size-default\">V\u00cdTAME V\u00c1S<\/h1>\t\t<\/div>\n\t\t\t\t<\/div>\n\t\t\t\t\t<\/div>\n\t\t<\/div>\n\t\t\t\t\t\t\t<\/div>\n\t\t<\/section>\n\t\t<div data-particle_enable=\"false\" data-particle-mobile-disabled=\"false\" class=\"elementor-element elementor-element-2d39821 e-flex e-con-boxed e-con e-parent\" data-id=\"2d39821\" data-element_type=\"container\" data-settings=\"{&quot;content_width&quot;:&quot;boxed&quot;}\" data-core-v316-plus=\"true\">\n\t\t\t\t\t<div class=\"e-con-inner\">\n\t\t\t\t<div class=\"elementor-element elementor-element-77826b6 elementor-drop-cap-yes elementor-drop-cap-view-default elementor-widget elementor-widget-text-editor\" data-id=\"77826b6\" data-element_type=\"widget\" data-settings=\"{&quot;drop_cap&quot;:&quot;yes&quot;}\" data-widget_type=\"text-editor.default\">\n\t\t\t\t<div class=\"elementor-widget-container\">\n\t\t\t<style>\/*! elementor - v3.16.0 - 20-09-2023 *\/\n.elementor-widget-text-editor.elementor-drop-cap-view-stacked .elementor-drop-cap{background-color:#69727d;color:#fff}.elementor-widget-text-editor.elementor-drop-cap-view-framed .elementor-drop-cap{color:#69727d;border:3px solid;background-color:transparent}.elementor-widget-text-editor:not(.elementor-drop-cap-view-default) .elementor-drop-cap{margin-top:8px}.elementor-widget-text-editor:not(.elementor-drop-cap-view-default) .elementor-drop-cap-letter{width:1em;height:1em}.elementor-widget-text-editor .elementor-drop-cap{float:left;text-align:center;line-height:1;font-size:50px}.elementor-widget-text-editor .elementor-drop-cap-letter{display:inline-block}<\/style>\t\t\t\t<p>S\u00a0\u00factou V\u00e1s v\u00edtame na webovej str\u00e1nke na\u0161ej in\u0161tit\u00facie!<\/p>\n<p>Sme pocten\u00ed Va\u0161\u00edm z\u00e1ujmom o\u00a0na\u0161u in\u0161tit\u00faciu, pros\u00edm pre\u010d\u00edtajte si str\u00e1nku a\u017e<br \/>\ndo konca a\u00a0obozn\u00e1mte sa s\u00a0kult\u00farnym \u017eivotom tohto kr\u00e1sneho meste\u010dka, na \u00fazem\u00ed ktor\u00e9ho \u017eije pribli\u017ene 10 tis\u00edc obyvate\u013eov.<\/p>\n<p>Mesto Kol\u00e1rovo, ma\u010f. G\u00fata le\u017e\u00ed v\u00a0juhov\u00fdchodnom c\u00edpe \u017ditn\u00e9ho ostrova v\u00a0bl\u00edzkosti ma\u010farsk\u00fdch hran\u00edc a\u00a0pon\u00faka v\u00fdborn\u00e9 turistick\u00e9, gastronomick\u00e9<br \/>\na\u00a0relaxa\u010dn\u00e9 aktivity \u0161irok\u00e9mu okruhu jeho n\u00e1v\u0161tevn\u00edkov. Pr\u00ed\u010fte a\u00a0spoznajte zauj\u00edmavosti tohto kraja, jeho mil\u00fdch a\u00a0pohostinn\u00fdch obyvate\u013eov, kr\u00e1snu pr\u00edrodu a\u00a0bohat\u00fa hist\u00f3riu!<\/p>\n<p>Mestsk\u00e9 kult\u00farne stredisko Anny Adamis zohr\u00e1va v\u00fdznamn\u00fa a\u00a0popredn\u00fa \u00falohu v\u00a0bohatom kult\u00farnom \u017eivote mesta i\u00a0jeho okolia. Je pr\u00edspevkovou organiz\u00e1ciou, ktorej zria\u010fovate\u013eom je Mesto Kol\u00e1rovo a\u00a0m\u00e1 pr\u00e1vnu subjektivitu.<\/p>\n<p>Budova, ktor\u00e1 v\u00a0roku 2023 osl\u00e1vila 50. v\u00fdro\u010die postavenia sa nach\u00e1dza v\u00a0centre<br \/>\nmesta oproti mestsk\u00e9mu \u00faradu. Taktie\u017e od tohto roku nesie aj meno v\u00fdznamnej rod\u00e1\u010dky Anny Adamis, zn\u00e1mej ma\u010farskej text\u00e1rky a\u00a0poetky,<br \/>\nocenenej najvy\u0161\u0161\u00edmi vyznamenaniami na poli kult\u00fary vo svojej domovine. Ustanovize\u0148 sa okrem kult\u00farnych a\u00a0spolo\u010densk\u00fdch aktiv\u00edt sna\u017e\u00ed svojou r\u00f4znorodou \u010dinnos\u0165ou uspokoji\u0165 z\u00e1ujmy \u0161irokej vrstvy obyvate\u013estva so zrete\u013eom<br \/>\nna zachovanie a\u00a0\u0161\u00edrenie miestnych \u013eudov\u00fdch trad\u00edci\u00ed ako aj n\u00e1rodn\u00fdch a\u00a0eur\u00f3pskych kult\u00far. Mestsk\u00e9 kult\u00farne stredisko Anny Adamis ro\u010dne usporad\u00fava nieko\u013eko v\u00fdstav z\u00a0pr\u00e1c zn\u00e1mych amat\u00e9rskych umelcov, maliarov, fotografov a\u00a0zastre\u0161uje viacero kvalitn\u00fdch amat\u00e9rskych hudobn\u00fdch a\u00a0divadeln\u00fdch skup\u00edn. Je<br \/>\nspoluorganiz\u00e1torom d\u00f4le\u017eit\u00fdch kult\u00farnych podujat\u00ed a festivalov, z\u00a0nich najv\u00fdznamnej\u0161ie s\u00fa v\u00a0letnej turistickej sez\u00f3ne Kol\u00e1rovsk\u00e9 hody a\u00a0jarmok a\u00a0v\u00a0jesennom obdob\u00ed Kol\u00e1rovsk\u00e1 kult\u00farna a\u00a0divadeln\u00e1 jese\u0148. Po\u010das t\u00fdchto dvoch ve\u013ek\u00fdch kult\u00farnych akci\u00ed host\u00ed mno\u017estvo v\u00fdznamn\u00fdch dom\u00e1cich i\u00a0zahrani\u010dn\u00fdch hudobn\u00fdch skup\u00edn a\u00a0in\u00fdch kult\u00farnych a\u00a0divadeln\u00fdch form\u00e1ci\u00ed. Spolupracuje s\u00a0civiln\u00fdmi organiz\u00e1ciami na \u00fazem\u00ed mesta, v\u0161emo\u017ene podporuje ich \u010dinnos\u0165 a\u00a0poskytuje priestory a\u00a0infra\u0161trukt\u00faru aj in\u00fdm subjektom pri organizovan\u00ed r\u00f4znych stretnut\u00ed, predn\u00e1\u0161ok, konferenci\u00ed a\u00a0s\u00fakromn\u00fdch podujat\u00ed.<br \/>\nV\u00a0pr\u00edpade potrieb sa podie\u013ea aj na ich spoluorganiz\u00e1cii.<\/p>\n<p>Mgr. J\u00e1nos Mayer, Riadite\u013e MsKS Anny Adamis<\/p>\n\t\t\t\t\t\t<\/div>\n\t\t\t\t<\/div>\n\t\t\t\t\t<\/div>\n\t\t\t\t<\/div>\n\t\t\t\t\t\t\t<\/div>\n\t\t","protected":false},"excerpt":{"rendered":"<p>V\u00cdTAME V\u00c1S S\u00a0\u00factou V\u00e1s v\u00edtame na webovej str\u00e1nke na\u0161ej in\u0161tit\u00facie! Sme pocten\u00ed Va\u0161\u00edm z\u00e1ujmom o\u00a0na\u0161u in\u0161tit\u00faciu, pros\u00edm pre\u010d\u00edtajte si str\u00e1nku a\u017e do konca a\u00a0obozn\u00e1mte sa s\u00a0kult\u00farnym \u017eivotom tohto kr\u00e1sneho meste\u010dka, &hellip;<\/p>\n<p class=\"read-more\"> <a class=\"\" href=\"https:\/\/adamis.sk\/sk\/vitame-vas\/\"> <span class=\"screen-reader-text\">V\u00edtame V\u00e1s<\/span> \u010c\u00edtajte viac &raquo;<\/a><\/p>\n","protected":false},"author":1,"featured_media":0,"parent":0,"menu_order":0,"comment_status":"closed","ping_status":"closed","template":"","meta":{"site-sidebar-layout":"no-sidebar","site-content-layout":"page-builder","ast-site-content-layout":"","site-content-style":"default","site-sidebar-style":"default","ast-global-header-display":"","ast-banner-title-visibility":"","ast-main-header-display":"","ast-hfb-above-header-display":"","ast-hfb-below-header-display":"","ast-hfb-mobile-header-display":"","site-post-title":"disabled","ast-breadcrumbs-content":"disabled","ast-featured-img":"disabled","footer-sml-layout":"","theme-transparent-header-meta":"enabled","adv-header-id-meta":"","stick-header-meta":"","header-above-stick-meta":"","header-main-stick-meta":"","header-below-stick-meta":"","astra-migrate-meta-layouts":"","footnotes":""},"class_list":["post-988","page","type-page","status-publish","hentry"],"acf":[],"_links":{"self":[{"href":"https:\/\/adamis.sk\/sk\/wp-json\/wp\/v2\/pages\/988","targetHints":{"allow":["GET"]}}],"collection":[{"href":"https:\/\/adamis.sk\/sk\/wp-json\/wp\/v2\/pages"}],"about":[{"href":"https:\/\/adamis.sk\/sk\/wp-json\/wp\/v2\/types\/page"}],"author":[{"embeddable":true,"href":"https:\/\/adamis.sk\/sk\/wp-json\/wp\/v2\/users\/1"}],"replies":[{"embeddable":true,"href":"https:\/\/adamis.sk\/sk\/wp-json\/wp\/v2\/comments?post=988"}],"version-history":[{"count":6,"href":"https:\/\/adamis.sk\/sk\/wp-json\/wp\/v2\/pages\/988\/revisions"}],"predecessor-version":[{"id":1433,"href":"https:\/\/adamis.sk\/sk\/wp-json\/wp\/v2\/pages\/988\/revisions\/1433"}],"wp:attachment":[{"href":"https:\/\/adamis.sk\/sk\/wp-json\/wp\/v2\/media?parent=988"}],"curies":[{"name":"wp","href":"https:\/\/api.w.org\/{rel}","templated":true}]}}